{"id":13541,"date":"2020-07-03T11:33:32","date_gmt":"2020-07-03T11:36:24","guid":{"rendered":"https:\/\/evotek.md\/?post_type=product&#038;p=13541"},"modified":"2023-01-17T10:16:08","modified_gmt":"2023-01-17T10:16:08","slug":"plita-pe-gaz-wok-emp-pls-9wk010","status":"publish","type":"product","link":"https:\/\/evotek.md\/ro\/produse\/echipamente-termice\/plite-de-gaz\/plita-pe-gaz-wok-emp-pls-9wk010\/","title":{"rendered":"PLIT\u0102 PE GAZ WOK CU 1 ARZATOR -EMP.PLS.9WK010"},"content":{"rendered":"<p><strong>PLIT\u0102 PE GAZ WOK CU 1 ARZATOR<\/strong>\u00a0<strong>-EMP.PLS.9WK010<\/strong>&#8211; Plit\u0103 pe gaz WOK este conceput\u0103 pentru g\u0103tirea c\u0103rnii, a pe\u0219tilor, a legumelor \u0219i a altor produse dup\u0103 metoda prepar\u0103rii \u00een alimenta\u021bia public\u0103 \u0219i comer\u021b. Facilit\u0103\u021bi: Carcas\u0103 rezistent\u0103 la impact realizat\u0103 din inox de \u00eenalt\u0103 calitate, grilaje din font\u0103 rezistent\u0103. Practic de utilizat, u\u0219or de cur\u0103\u021bat. O supap\u0103 de eliberare a presiunii magnetice ofer\u0103 o protec\u021bie maxim\u0103 \u00een timpul utiliz\u0103rii.<\/p>\n<p>Caracteristici<\/p>\n<p>Consumul de gaze naturale: 1,9 m3 \/ h<\/p>\n<p>Consumul de gaz GPL: 1,05 kg \/ h<\/p>\n<p>Num\u0103rul de arz\u0103toare: 1<\/p>\n<p>Putere: 18 kW<\/p>\n<p>Greutate: 40 kg<\/p>\n<p>Parametri: 400x900x300 mm<\/p>\n<p>&nbsp;<\/p>\n","protected":false},"excerpt":{"rendered":"<p>Plit\u0103 pe gaz WOK. Consumul de gaze naturale: 1,9 m3 \/ h; Consumul de gaz GPL: 1,05 kg \/ h; Num\u0103rul de arz\u0103toare: 1; Putere: 18 kW; Greutate: 40 kg; Parametri: 400x900x300 mm.<\/p>\n","protected":false},"featured_media":13540,"template":"","meta":[],"_links":{"self":[{"href":"https:\/\/evotek.md\/ro\/wp-json\/wp\/v2\/product\/13541"}],"collection":[{"href":"https:\/\/evotek.md\/ro\/wp-json\/wp\/v2\/product"}],"about":[{"href":"https:\/\/evotek.md\/ro\/wp-json\/wp\/v2\/types\/product"}],"wp:featuredmedia":[{"embeddable":true,"href":"https:\/\/evotek.md\/ro\/wp-json\/wp\/v2\/media\/13540"}],"wp:attachment":[{"href":"https:\/\/evotek.md\/ro\/wp-json\/wp\/v2\/media?parent=13541"}],"curies":[{"name":"wp","href":"https:\/\/api.w.org\/{rel}","templated":true}]}}