{"id":13535,"date":"2020-07-03T11:14:26","date_gmt":"2020-07-03T11:15:09","guid":{"rendered":"https:\/\/evotek.md\/?post_type=product&#038;p=13535"},"modified":"2023-01-17T12:16:20","modified_gmt":"2023-01-17T12:16:20","slug":"plita-pe-gaz-emp-pls-9yrg80","status":"publish","type":"product","link":"https:\/\/evotek.md\/ro\/produse\/echipamente-termice\/plite-de-gaz\/plita-pe-gaz-emp-pls-9yrg80\/","title":{"rendered":"PLITA PE GAZ CU 1 ARZATOR -EMP.PLS.9YRG80"},"content":{"rendered":"<p><strong>PLITA PE GAZ CU 1 ARZATOR &#8211;<\/strong><strong>EMP.PLS.9YRG80<\/strong><strong>&#8211; <\/strong>\u00a0Plita pe gaz este conceput\u0103 pentru g\u0103tirea diferitor tipuri de m\u00e2ncare din buc\u0103t\u0103riile restaurantelor, cafenelelor, cantinelor \u0219i magazinelor. Facilit\u0103\u021bi: Supap\u0103 de gaz magnetic\u0103 \u0219i termocuple; Sistem de aprindere piezoelectric\u0103 pentru fiecare arz\u0103tor; U\u0219or de cur\u0103\u021bat \u0219i igienic; Carcas\u0103 din inox.<\/p>\n<p>Caracteristici<\/p>\n<p>Putere: 31,25 kW<\/p>\n<p>Consumul de gaze naturale: 3,3 m3 \/ h<\/p>\n<p>Consumul de gaz GPL: 2,25 kg \/ h<\/p>\n<p>Dimensiuni: 800x900x300 mm<\/p>\n<p>Greutate: 90 kg<\/p>\n<p>&nbsp;<\/p>\n","protected":false},"excerpt":{"rendered":"<p>Plit\u0103 pe gaz. Putere: 31,25 kW; Consumul de gaze naturale: 3,3 m3 \/ h; Consumul de gaz GPL: 2,25 kg \/ h; Dimensiuni: 800x900x300 mm; Greutate: 90 kg.<\/p>\n","protected":false},"featured_media":13534,"template":"","meta":[],"_links":{"self":[{"href":"https:\/\/evotek.md\/ro\/wp-json\/wp\/v2\/product\/13535"}],"collection":[{"href":"https:\/\/evotek.md\/ro\/wp-json\/wp\/v2\/product"}],"about":[{"href":"https:\/\/evotek.md\/ro\/wp-json\/wp\/v2\/types\/product"}],"wp:featuredmedia":[{"embeddable":true,"href":"https:\/\/evotek.md\/ro\/wp-json\/wp\/v2\/media\/13534"}],"wp:attachment":[{"href":"https:\/\/evotek.md\/ro\/wp-json\/wp\/v2\/media?parent=13535"}],"curies":[{"name":"wp","href":"https:\/\/api.w.org\/{rel}","templated":true}]}}