{"id":13528,"date":"2020-07-03T08:48:26","date_gmt":"2020-07-03T08:49:12","guid":{"rendered":"https:\/\/evotek.md\/?post_type=product&#038;p=13528"},"modified":"2023-01-17T12:15:38","modified_gmt":"2023-01-17T12:15:38","slug":"plita-pe-gaz-emp-pls-9kg030","status":"publish","type":"product","link":"https:\/\/evotek.md\/ro\/produse\/echipamente-termice\/plite-de-gaz\/plita-pe-gaz-emp-pls-9kg030\/","title":{"rendered":"PLITA PE GAZ CU 6 ARZATOARE -EMP.PLS.9KG030"},"content":{"rendered":"<p><strong>PLITA PE GAZ CU 6 ARZATOARE &#8211;<\/strong><strong>EMP.PLS.9KG030<\/strong><strong>&#8211; <\/strong>\u00a0Plita pe gaz este conceput\u0103 pentru g\u0103tirea diferitor tipuri de m\u00e2ncare din buc\u0103t\u0103riile restaurantelor, cafenelelor, cantinelor \u0219i magazinelor. Facilit\u0103\u021bi: Supap\u0103 de gaz de siguran\u021b\u0103; Grilaj din font\u0103; Aprindere piezoelectric\u0103 pentru fiecare arz\u0103tor; U\u0219or de cur\u0103\u021bat \u0219i igienic; Carcas\u0103 din inox.<\/p>\n<p>Caracteristici<\/p>\n<p>Num\u0103rul de arz\u0103toare: 6<\/p>\n<p>Putere total\u0103: 34,5 kW<\/p>\n<p>Greutate: 120 kg<\/p>\n<p>Dimensiuni: 1200x900x300 mm<\/p>\n<p>Consumul de gaz natural 3,63 m3 \/ h<\/p>\n<p>Consumul de gaz GPL 2,70 kg \/ h<\/p>\n<p>&nbsp;<\/p>\n","protected":false},"excerpt":{"rendered":"<p>Plit\u0103 pe gaz cu 6 arz\u0103toare. Putere totala: 34,5 kW; Greutate: 120 kg; Dimensiuni: 1200x900x300 mm; Consumul de gaz natural 3,63 m3 \/ h; Consumul de gaz GPL 2,70 kg \/ h.<\/p>\n","protected":false},"featured_media":13527,"template":"","meta":[],"_links":{"self":[{"href":"https:\/\/evotek.md\/ro\/wp-json\/wp\/v2\/product\/13528"}],"collection":[{"href":"https:\/\/evotek.md\/ro\/wp-json\/wp\/v2\/product"}],"about":[{"href":"https:\/\/evotek.md\/ro\/wp-json\/wp\/v2\/types\/product"}],"wp:featuredmedia":[{"embeddable":true,"href":"https:\/\/evotek.md\/ro\/wp-json\/wp\/v2\/media\/13527"}],"wp:attachment":[{"href":"https:\/\/evotek.md\/ro\/wp-json\/wp\/v2\/media?parent=13528"}],"curies":[{"name":"wp","href":"https:\/\/api.w.org\/{rel}","templated":true}]}}