{"id":13518,"date":"2020-07-03T08:30:18","date_gmt":"2020-07-03T08:32:06","guid":{"rendered":"https:\/\/evotek.md\/?post_type=product&#038;p=13518"},"modified":"2023-01-17T09:35:18","modified_gmt":"2023-01-17T09:35:18","slug":"plita-pe-gaz-emp-pls-9kg010","status":"publish","type":"product","link":"https:\/\/evotek.md\/ro\/produse\/echipamente-termice\/plite-de-gaz\/plita-pe-gaz-emp-pls-9kg010\/","title":{"rendered":"PLITA PE GAZ 2 ARZATOARE -EMP.PLS.9KG010"},"content":{"rendered":"<p><strong>PLITA PE GAZ 2 ARZATOARE<\/strong> <strong>&#8211;<\/strong><strong>EMP.PLS.9KG010<\/strong><strong>&#8211; <\/strong>\u00a0Plita pe gaz este conceput\u0103 pentru g\u0103tirea diferitor tipuri de m\u00e2ncare din buc\u0103t\u0103riile restaurantelor, cafenelelor, cantinelor \u0219i magazinelor. Facilit\u0103\u021bi: Supap\u0103 de gaz de siguran\u021b\u0103; Grilaj din font\u0103; Aprindere piezoelectric\u0103 pentru fiecare arz\u0103tor; U\u0219or de cur\u0103\u021bat \u0219i igienic; Carcas\u0103 din inox.<\/p>\n<p>Caracteristici<\/p>\n<p>Num\u0103rul de arz\u0103toare: 2<\/p>\n<p>Putere total\u0103: 11,50 kW<\/p>\n<p>Greutate: 40 kg<\/p>\n<p>Dimensiuni: 400x900x300 mm<\/p>\n<p>Consumul de gaz natural 1,21 m3 \/ h<\/p>\n<p>Consumul de gaz GPL 0,90 kg \/ h<\/p>\n<p>&nbsp;<\/p>\n","protected":false},"excerpt":{"rendered":"<p>Plit\u0103 pe gaz cu 2 arz\u0103toare. Putere total\u0103: 11,50 kW; Greutate: 40 kg; Dimensiuni: 400x900x300 mm; Consumul de gaz natural 1,21 m3 \/ h; Consumul de gaz GPL 0,90 kg \/ h.<\/p>\n","protected":false},"featured_media":13517,"template":"","meta":[],"_links":{"self":[{"href":"https:\/\/evotek.md\/ro\/wp-json\/wp\/v2\/product\/13518"}],"collection":[{"href":"https:\/\/evotek.md\/ro\/wp-json\/wp\/v2\/product"}],"about":[{"href":"https:\/\/evotek.md\/ro\/wp-json\/wp\/v2\/types\/product"}],"wp:featuredmedia":[{"embeddable":true,"href":"https:\/\/evotek.md\/ro\/wp-json\/wp\/v2\/media\/13517"}],"wp:attachment":[{"href":"https:\/\/evotek.md\/ro\/wp-json\/wp\/v2\/media?parent=13518"}],"curies":[{"name":"wp","href":"https:\/\/api.w.org\/{rel}","templated":true}]}}