{"id":13504,"date":"2020-07-03T07:41:09","date_gmt":"2020-07-03T07:41:09","guid":{"rendered":"https:\/\/evotek.md\/?post_type=product&#038;p=13504"},"modified":"2020-12-10T14:41:25","modified_gmt":"2020-12-10T14:41:25","slug":"cazan-pentru-gatit-electric-emp-kte-150","status":"publish","type":"product","link":"https:\/\/evotek.md\/ro\/produse\/echipamente-termice\/cazane-pentru-gatit\/cazan-pentru-gatit-electric-emp-kte-150\/","title":{"rendered":"CAZAN PENTRU G\u0102TIT ELECTRIC 150 L-EMP.KTE.150"},"content":{"rendered":"<p><strong>CAZAN PENTRU G\u0102TIT ELECTRIC<\/strong> <strong>150 L<\/strong> <strong>-EMP.KT<\/strong><strong>E<\/strong><strong>.150- <\/strong>Cazanul de g\u0103tit electric se caracterizeaz\u0103 prin consum economic de energie electric\u0103 \u0219i ergonomie. Capacitatea mare a cazanului v\u0103 permite s\u0103 g\u0103ti\u021bi un volum mare de bucate. Datorit\u0103 designului s\u0103u, m\u00e2ncarea din ea este preg\u0103tit\u0103 foarte repede, ideal\u0103 pentru buc\u0103t\u0103riile hotelurilor, restaurantelor, \u0219colilor, gr\u0103dini\u021belor. Multifunc\u021bional, potrivit pentru g\u0103tirea unei cantit\u0103\u021bi mari de m\u00e2ncare, fierberea buc\u0103\u021bilor mari de carne \u0219i altele.<\/p>\n<p>Caracteristici<\/p>\n<p>Dimensiuni: 800x900x850 mm<\/p>\n<p>Greutate: 100 kg<\/p>\n<p>Putere: 18 kW<\/p>\n<p>Capacitate: 150 L<\/p>\n<p>&nbsp;<\/p>\n","protected":false},"excerpt":{"rendered":"<p>Cazan electric pentru g\u0103tit cu o capacitate de 150 l. Dimensiuni: 800x900x850 mm; Greutate: 100 kg; Putere: 18 kW; Capacitate: 150 L.<\/p>\n","protected":false},"featured_media":13503,"template":"","meta":[],"_links":{"self":[{"href":"https:\/\/evotek.md\/ro\/wp-json\/wp\/v2\/product\/13504"}],"collection":[{"href":"https:\/\/evotek.md\/ro\/wp-json\/wp\/v2\/product"}],"about":[{"href":"https:\/\/evotek.md\/ro\/wp-json\/wp\/v2\/types\/product"}],"wp:featuredmedia":[{"embeddable":true,"href":"https:\/\/evotek.md\/ro\/wp-json\/wp\/v2\/media\/13503"}],"wp:attachment":[{"href":"https:\/\/evotek.md\/ro\/wp-json\/wp\/v2\/media?parent=13504"}],"curies":[{"name":"wp","href":"https:\/\/api.w.org\/{rel}","templated":true}]}}