{"id":13470,"date":"2020-07-02T14:19:17","date_gmt":"2020-07-02T14:21:00","guid":{"rendered":"https:\/\/evotek.md\/?post_type=product&#038;p=13470"},"modified":"2023-01-17T12:05:44","modified_gmt":"2023-01-17T12:05:44","slug":"plita-pe-gaz-wok-emp-9wk020","status":"publish","type":"product","link":"https:\/\/evotek.md\/ro\/produse\/echipamente-termice\/plite-de-gaz\/plita-pe-gaz-wok-emp-9wk020\/","title":{"rendered":"PLITA PE GAZ WOK CU 2 ARZATOARE -EMP.9WK020"},"content":{"rendered":"<p><strong>PLITA PE GAZ WOK CU 2 ARZATOARE -EMP.9WK020-<\/strong> Plit\u0103 pe gaz WOK este conceput\u0103 pentru g\u0103tirea c\u0103rnii, a pe\u0219tilor, a legumelor \u0219i a altor produse dup\u0103 metoda prepar\u0103rii \u00een alimenta\u021bia public\u0103 \u0219i comer\u021b. Facilit\u0103\u021bi: Carcas\u0103 rezistent\u0103 la impact realizat\u0103 din inox de \u00eenalt\u0103 calitate, grilaje din font\u0103 rezistent\u0103. Practic de utilizat, u\u0219or de cur\u0103\u021bat. O supap\u0103 de eliberare a presiunii magnetice ofer\u0103 o protec\u021bie maxim\u0103 \u00een timpul utiliz\u0103rii.<\/p>\n<p>Caracteristici<\/p>\n<p>Consumul de gaze naturale: 3,8 m3 \/ h<\/p>\n<p>Consumul de gaz GPL: 2,10 kg \/ h<\/p>\n<p>Num\u0103rul de arz\u0103toare: 2<\/p>\n<p>Putere: 36 kW<\/p>\n<p>Greutate: 71 kg<\/p>\n<p>Parametri: 800x900x285 mm<\/p>\n<p>&nbsp;<\/p>\n","protected":false},"excerpt":{"rendered":"<p>Plit\u0103 pe gaz WOK. Consumul de gaze naturale: 3,8 m3 \/ h; Consumul de gaz GPL: 2,10 kg \/ h; Num\u0103rul de arz\u0103toare: 2; Putere: 36 kW; Greutate: 71 kg; Parametri: 800x900x285 mm.<\/p>\n","protected":false},"featured_media":13469,"template":"","meta":[],"_links":{"self":[{"href":"https:\/\/evotek.md\/ro\/wp-json\/wp\/v2\/product\/13470"}],"collection":[{"href":"https:\/\/evotek.md\/ro\/wp-json\/wp\/v2\/product"}],"about":[{"href":"https:\/\/evotek.md\/ro\/wp-json\/wp\/v2\/types\/product"}],"wp:featuredmedia":[{"embeddable":true,"href":"https:\/\/evotek.md\/ro\/wp-json\/wp\/v2\/media\/13469"}],"wp:attachment":[{"href":"https:\/\/evotek.md\/ro\/wp-json\/wp\/v2\/media?parent=13470"}],"curies":[{"name":"wp","href":"https:\/\/api.w.org\/{rel}","templated":true}]}}