{"id":13449,"date":"2020-07-02T12:49:39","date_gmt":"2020-07-02T12:53:14","guid":{"rendered":"https:\/\/evotek.md\/?post_type=product&#038;p=13449"},"modified":"2023-01-17T12:34:11","modified_gmt":"2023-01-17T12:34:11","slug":"plita-pe-gaz-emp-9kg020-2","status":"publish","type":"product","link":"https:\/\/evotek.md\/ro\/produse\/echipamente-termice\/plite-de-gaz\/plita-pe-gaz-emp-9kg020-2\/","title":{"rendered":"PLITA PE GAZ CU 4 ARZATOARE -EMP.9KG020"},"content":{"rendered":"<p><strong>PLITA PE GAZ CU 4 ARZATOARE &#8211;<\/strong><strong>EMP.9KG020<\/strong><strong>&#8211; <\/strong>\u00a0Plita pe gaz este conceput\u0103 pentru g\u0103tirea diferitor tipuri de m\u00e2ncare din buc\u0103t\u0103riile restaurantelor, cafenelelor, cantinelor \u0219i magazinelor. Facilit\u0103\u021bi: Supap\u0103 de gaz de siguran\u021b\u0103; Grilaj din font\u0103; Aprindere piezoelectric\u0103 pentru fiecare arz\u0103tor; U\u0219or de cur\u0103\u021bat \u0219i igienic; Carcas\u0103 din inox.<\/p>\n<p>Caracteristici<\/p>\n<p>Num\u0103rul de arz\u0103toare: 4<\/p>\n<p>Putere total\u0103: 23 kW<\/p>\n<p>Tensiune: 220 V<\/p>\n<p>Greutate: 65 kg<\/p>\n<p>Dimensiuni: 800x900x285 mm<\/p>\n<p>Consumul de gaz natural 2,42 m3 \/ h<\/p>\n<p>Consumul de gaz GPL 1,80 kg \/ h<\/p>\n<p>&nbsp;<\/p>\n","protected":false},"excerpt":{"rendered":"<p>Plit\u0103 pe gaz cu 4 arz\u0103toare. Putere total\u0103: 23 kW; Tensiune: 220 V; Greutate: 65 kg; Dimensiuni: 800x900x285 mm; Consumul de gaz natural 2,42 m3 \/ h; Consumul de gaz GPL 1,80 kg \/ h.<\/p>\n","protected":false},"featured_media":13448,"template":"","meta":[],"_links":{"self":[{"href":"https:\/\/evotek.md\/ro\/wp-json\/wp\/v2\/product\/13449"}],"collection":[{"href":"https:\/\/evotek.md\/ro\/wp-json\/wp\/v2\/product"}],"about":[{"href":"https:\/\/evotek.md\/ro\/wp-json\/wp\/v2\/types\/product"}],"wp:featuredmedia":[{"embeddable":true,"href":"https:\/\/evotek.md\/ro\/wp-json\/wp\/v2\/media\/13448"}],"wp:attachment":[{"href":"https:\/\/evotek.md\/ro\/wp-json\/wp\/v2\/media?parent=13449"}],"curies":[{"name":"wp","href":"https:\/\/api.w.org\/{rel}","templated":true}]}}