{"id":13438,"date":"2020-07-02T12:15:27","date_gmt":"2020-07-02T12:15:27","guid":{"rendered":"https:\/\/evotek.md\/?post_type=product&#038;p=13438"},"modified":"2020-07-02T12:15:27","modified_gmt":"2020-07-02T12:15:27","slug":"plita-pe-gaz-inchisa-emp-9kg020-o","status":"publish","type":"product","link":"https:\/\/evotek.md\/ro\/produse\/echipamente-termice\/plite-de-gaz\/plita-pe-gaz-inchisa-emp-9kg020-o\/","title":{"rendered":"PLIT\u0102 PE GAZ \u00ceNCHIS\u0102 -EMP.9KG020-O"},"content":{"rendered":"<p><strong>PLIT\u0102 PE GAZ \u00ceNCHIS\u0102 -EMP.9KG020-O-<\/strong> aragaz profesional pentru alimenta\u021bia public\u0103. Facilit\u0103\u021bi: Abilitatea de a lucra cu Lpg \u0219i Ng; Supape de siguran\u021b\u0103 magnetice; Val de v\u00e2rf rezistent; Control piezo mai u\u0219or pentru fiecare arz\u0103tor; U\u0219or de cur\u0103\u021bat \u0219i igienic; Carcas\u0103 din inox.<\/p>\n<p>Caracteristici<\/p>\n<p>Dimensiuni: 800x900x285 mm<\/p>\n<p>Greutate: 60 kg<\/p>\n<p>Putere: 14 kW<\/p>\n<p>Consumul de gaz natural 1,4 m3 \/ h<\/p>\n<p>Consumul de gaz GPL 1,1 kg \/ h<\/p>\n<p>&nbsp;<\/p>\n","protected":false},"excerpt":{"rendered":"<p>Plit\u0103 pe gaz \u00eenchis\u0103. Dimensiuni: 800x900x285 mm; Greutate: 60 kg; Putere: 14 kW; Consumul de gaz natural 1,4 m3 \/ h; Consumul de gaz GPL 1,1 kg \/ h.<\/p>\n","protected":false},"featured_media":13437,"template":"","meta":[],"_links":{"self":[{"href":"https:\/\/evotek.md\/ro\/wp-json\/wp\/v2\/product\/13438"}],"collection":[{"href":"https:\/\/evotek.md\/ro\/wp-json\/wp\/v2\/product"}],"about":[{"href":"https:\/\/evotek.md\/ro\/wp-json\/wp\/v2\/types\/product"}],"wp:featuredmedia":[{"embeddable":true,"href":"https:\/\/evotek.md\/ro\/wp-json\/wp\/v2\/media\/13437"}],"wp:attachment":[{"href":"https:\/\/evotek.md\/ro\/wp-json\/wp\/v2\/media?parent=13438"}],"curies":[{"name":"wp","href":"https:\/\/api.w.org\/{rel}","templated":true}]}}