{"id":13431,"date":"2020-07-02T11:45:52","date_gmt":"2020-07-02T11:46:27","guid":{"rendered":"https:\/\/evotek.md\/?post_type=product&#038;p=13431"},"modified":"2023-01-17T10:07:05","modified_gmt":"2023-01-17T10:07:05","slug":"plita-pe-gaz-de-podea-emp-yrg-80","status":"publish","type":"product","link":"https:\/\/evotek.md\/ro\/produse\/echipamente-termice\/plite-de-gaz\/plita-pe-gaz-de-podea-emp-yrg-80\/","title":{"rendered":"PLIT\u0102 PE GAZ DE PODEA CU 1 ARZATOR -EMP.YRG.80"},"content":{"rendered":"<p><strong>PLIT\u0102 PE GAZ DE PODEA CU 1 ARZATOR\u00a0 &#8211;<\/strong><strong>EMP.YRG.80<\/strong><strong>&#8211; <\/strong>Plit\u0103 pe gaz de podea f\u0103r\u0103 supap\u0103 de siguran\u021b\u0103 sunt proiectate pentru utilizare \u00een exterior. Facilit\u0103\u021bi: grile rezistente la lovituri din font\u0103; Carcas\u0103 din inox.<\/p>\n<p>Caracteristici<\/p>\n<p>Consum de energie: 31,25 kW<\/p>\n<p>Num\u0103rul de arz\u0103toare: 3<\/p>\n<p>Consumul de gaze naturale: 3,30 m.cubi\/ or\u0103<\/p>\n<p>Dimensiuni: 700x915x560 mm<\/p>\n<p>Greutate: 80 kg<\/p>\n<p>&nbsp;<\/p>\n","protected":false},"excerpt":{"rendered":"<p>Plit\u0103 pe gaz cu 3 arz\u0103toare f\u0103r\u0103 supap\u0103 de siguran\u021b\u0103. Seria 900.<\/p>\n","protected":false},"featured_media":13430,"template":"","meta":[],"_links":{"self":[{"href":"https:\/\/evotek.md\/ro\/wp-json\/wp\/v2\/product\/13431"}],"collection":[{"href":"https:\/\/evotek.md\/ro\/wp-json\/wp\/v2\/product"}],"about":[{"href":"https:\/\/evotek.md\/ro\/wp-json\/wp\/v2\/types\/product"}],"wp:featuredmedia":[{"embeddable":true,"href":"https:\/\/evotek.md\/ro\/wp-json\/wp\/v2\/media\/13430"}],"wp:attachment":[{"href":"https:\/\/evotek.md\/ro\/wp-json\/wp\/v2\/media?parent=13431"}],"curies":[{"name":"wp","href":"https:\/\/api.w.org\/{rel}","templated":true}]}}