{"id":13400,"date":"2020-07-02T07:42:57","date_gmt":"2020-07-02T07:43:33","guid":{"rendered":"https:\/\/evotek.md\/?post_type=product&#038;p=13400"},"modified":"2023-03-02T09:15:20","modified_gmt":"2023-03-02T09:15:20","slug":"tigaie-basculanta-electrica-emp-pls-dte-50","status":"publish","type":"product","link":"https:\/\/evotek.md\/ro\/produse\/echipamente-termice\/tigaie-basculanta\/tigaie-basculanta-electrica-emp-pls-dte-50\/","title":{"rendered":"TIGAIE BASCULANTA ELECTRICA, 50 LITRI -EMP.PLS.DTE.50"},"content":{"rendered":"<p><strong>TIGAIE BASCULANTA ELECTRICA, 50 LITRI -EMP.PLS.DTE.50-<\/strong> Tigaia pe gaz industrial\u0103 este destinat\u0103 pr\u0103jirii \u00een friteuz\u0103, precum \u0219i pentru aburirea c\u0103rnii, a pe\u0219tilor, a m\u00e2nc\u0103rurilor vegetale \u0219i a produselor culinare. Facilit\u0103\u021bi: Termostat; Mecanism de ridicare manual; Carcasa este din inox de \u00eenalt\u0103 rezisten\u021b\u0103; Acoperire cu contragreutate; Senzor de securitate.<\/p>\n<p>Caracteristici<\/p>\n<p>Volum: 50 l<\/p>\n<p>Putere: 9 kW<\/p>\n<p>Tensiune: 380 V<\/p>\n<p>Dimensiuni: 800x730x850 mm<\/p>\n<p>Greutate: 138 kg<\/p>\n<p>&nbsp;<\/p>\n","protected":false},"excerpt":{"rendered":"<p>Tigaie basculant\u0103 electric\u0103 de 50 de l, este folosit\u0103 pentru pr\u0103jirea, \u00een\u0103bu\u0219irea c\u0103rnii, pe\u0219telui, legumelor \u0219i altor produse \u00een unit\u0103\u021bile de alimenta\u021bie public\u0103.<\/p>\n","protected":false},"featured_media":13399,"template":"","meta":[],"_links":{"self":[{"href":"https:\/\/evotek.md\/ro\/wp-json\/wp\/v2\/product\/13400"}],"collection":[{"href":"https:\/\/evotek.md\/ro\/wp-json\/wp\/v2\/product"}],"about":[{"href":"https:\/\/evotek.md\/ro\/wp-json\/wp\/v2\/types\/product"}],"wp:featuredmedia":[{"embeddable":true,"href":"https:\/\/evotek.md\/ro\/wp-json\/wp\/v2\/media\/13399"}],"wp:attachment":[{"href":"https:\/\/evotek.md\/ro\/wp-json\/wp\/v2\/media?parent=13400"}],"curies":[{"name":"wp","href":"https:\/\/api.w.org\/{rel}","templated":true}]}}