{"id":13389,"date":"2020-07-02T07:03:26","date_gmt":"2020-07-02T07:03:26","guid":{"rendered":"https:\/\/evotek.md\/?post_type=product&#038;p=13389"},"modified":"2020-07-02T07:03:26","modified_gmt":"2020-07-02T07:03:26","slug":"bain-marie-electric-emp-pls-7se010","status":"publish","type":"product","link":"https:\/\/evotek.md\/ro\/produse\/echipamente-termice\/bain-marie\/bain-marie-electric-emp-pls-7se010\/","title":{"rendered":"BAIN MARIE ELECTRIC -EMP.PLS.7SE010"},"content":{"rendered":"<p><strong>BAIN MARIE ELECTRIC -EMP.PLS.7SE010<\/strong>&#8211; \u00cenc\u0103lzitorul alimentar electric este folosit pentru a economisi m\u00e2ncarea g\u0103tit\u0103 \u00eentr-o form\u0103 \u00eenc\u0103lzit\u0103. M\u00e2ncarea este \u00eenc\u0103lzit\u0103 cu abur. Control termostatic pentru un control mai precis al temperaturii pentru diferite tipuri de vase. Robinet pentru umplerea cu ap\u0103 \u0219i evacuarea acesteia. Co\u0219uri convenabile \u0219i carcas\u0103 din o\u021bel inoxidabil de \u00eenalt\u0103 calitate. U\u0219or de cur\u0103\u021bat, igienic. Caracteristici: control termostatic; Capacitatea modulului: 1 buc GN1 \/ 1; Scurge coco\u0219ul; Ap\u0103sa\u021bi pentru a umple cu ap\u0103; U\u0219or de cur\u0103\u021bat \u0219i igienic; Carcas\u0103 din o\u021bel inoxidabil.<\/p>\n<p>Caracteristici<\/p>\n<p>Dimensiuni: 400x730x850 mm<\/p>\n<p>Greutate: 65 kg<\/p>\n<p>Putere: 1,5 kW<\/p>\n<p>Sursa de c\u0103ldur\u0103: 230 V<\/p>\n<p>&nbsp;<\/p>\n<p>&nbsp;<\/p>\n","protected":false},"excerpt":{"rendered":"<p>Electric Bain marie. Dimensiuni: 400x730x850 mm; Greutate: 65 kg; Putere: 1,5 kW; Sursa de c\u0103ldur\u0103: 230 V.<\/p>\n","protected":false},"featured_media":13388,"template":"","meta":[],"_links":{"self":[{"href":"https:\/\/evotek.md\/ro\/wp-json\/wp\/v2\/product\/13389"}],"collection":[{"href":"https:\/\/evotek.md\/ro\/wp-json\/wp\/v2\/product"}],"about":[{"href":"https:\/\/evotek.md\/ro\/wp-json\/wp\/v2\/types\/product"}],"wp:featuredmedia":[{"embeddable":true,"href":"https:\/\/evotek.md\/ro\/wp-json\/wp\/v2\/media\/13388"}],"wp:attachment":[{"href":"https:\/\/evotek.md\/ro\/wp-json\/wp\/v2\/media?parent=13389"}],"curies":[{"name":"wp","href":"https:\/\/api.w.org\/{rel}","templated":true}]}}