{"id":13384,"date":"2020-07-01T15:02:15","date_gmt":"2020-07-01T15:02:15","guid":{"rendered":"https:\/\/evotek.md\/?post_type=product&#038;p=13384"},"modified":"2020-07-01T15:02:15","modified_gmt":"2020-07-01T15:02:15","slug":"lava-grill-pe-gaz-emp-pls-7lg030","status":"publish","type":"product","link":"https:\/\/evotek.md\/ro\/produse\/echipamente-termice\/grill-lava-2-2\/lava-grill-pe-gaz-emp-pls-7lg030\/","title":{"rendered":"LAVA GRILL PE GAZ -EMP.PLS.7LG030"},"content":{"rendered":"<p><strong>LAVA GRILL PE GAZ -EMP.PLS.7LG030- <\/strong>v\u0103 permite s\u0103 pr\u0103ji\u021bi \u0219i s\u0103 coace\u021bi. Temperatura reglabil\u0103 v\u0103 permite s\u0103 g\u0103ti\u021bi p\u00e2n\u0103 la gradul de preg\u0103tire necesar. Se folose\u0219te la \u00eentreprinderile de alimenta\u021bie public\u0103 \u0219i comer\u021b pentru pr\u0103jirea c\u0103rnii, pe\u0219tilor \u0219i legumelor. Are un recipient cu ap\u0103 v\u0103 permite s\u0103 g\u0103ti\u021bi cu umidificare cu aburi.<\/p>\n<p>Caracteristici<\/p>\n<p>Consumul de gaze naturale: 2,73 m3 \/ or\u0103<\/p>\n<p>Consumul de gaz lichefiat: 1,29 kg \/ or\u0103<\/p>\n<p>Putere: 25.80 kW<\/p>\n<p>Recipient pentru ulei<\/p>\n<p>Dimensiuni: 1200x730x300 mm<\/p>\n<p>Greutate: 175 kg<\/p>\n<p>&nbsp;<\/p>\n","protected":false},"excerpt":{"rendered":"<p>Lava grill pe gaz, Seria 700 Plus. Consumul de gaze naturale: 2,73 m3 \/ or\u0103; Consumul de gaz lichefiat: 1,29 kg \/ or\u0103; Putere: 25.80 kW; Recipient pentru ulei; Dimensiuni: 1200x730x300 mm; Greutate: 175 kg.<\/p>\n","protected":false},"featured_media":13383,"template":"","meta":[],"_links":{"self":[{"href":"https:\/\/evotek.md\/ro\/wp-json\/wp\/v2\/product\/13384"}],"collection":[{"href":"https:\/\/evotek.md\/ro\/wp-json\/wp\/v2\/product"}],"about":[{"href":"https:\/\/evotek.md\/ro\/wp-json\/wp\/v2\/types\/product"}],"wp:featuredmedia":[{"embeddable":true,"href":"https:\/\/evotek.md\/ro\/wp-json\/wp\/v2\/media\/13383"}],"wp:attachment":[{"href":"https:\/\/evotek.md\/ro\/wp-json\/wp\/v2\/media?parent=13384"}],"curies":[{"name":"wp","href":"https:\/\/api.w.org\/{rel}","templated":true}]}}