{"id":13368,"date":"2020-07-01T14:30:43","date_gmt":"2020-07-01T14:30:43","guid":{"rendered":"https:\/\/evotek.md\/?post_type=product&#038;p=13368"},"modified":"2020-07-01T14:30:43","modified_gmt":"2020-07-01T14:30:43","slug":"grill-cu-abur-pe-gaz-emp-pls-7lg030-s","status":"publish","type":"product","link":"https:\/\/evotek.md\/ro\/produse\/echipamente-pentru-fast-food\/grill-cu-abur\/grill-cu-abur-pe-gaz-emp-pls-7lg030-s\/","title":{"rendered":"GRILL CU ABUR PE GAZ -EMP.PLS.7LG030-S"},"content":{"rendered":"<p><strong>GRILL CU ABUR PE GAZ -EMP.PLS.7LG030-S- <\/strong>Grill cu abur pe gaz este utilizat la \u00eentreprinderile de alimenta\u021bie public\u0103 \u0219i comer\u021b pentru prepararea diverselor feluri de m\u00e2ncare, carne, legume \u0219i multe altele. Cu ajutorul aburului, g\u0103tit mai eficient. Procesul de pr\u0103jire are loc f\u0103r\u0103 utilizarea uleiului. Facilit\u0103\u021bi: Robinete \u0219i duz\u0103 magnetice de siguran\u021b\u0103; Arz\u0103tor piezo; Recipient de ulei amovibil; Igienic \u0219i u\u0219or de cur\u0103\u021bat; Carcas\u0103 din inoxi; Gr\u0103tar din font\u0103.<\/p>\n<p>Caracteristici<\/p>\n<p>Consumul de gaz natural: 1,65 m 3 \/ h<\/p>\n<p>Consumul de gaz GPL: 1,80 kg \/ h<\/p>\n<p>Putere: 15.60 kW<\/p>\n<p>Dimensiuni: 1200x730x300 mm<\/p>\n<p>Greutate: 135 kg<\/p>\n<p>&nbsp;<\/p>\n","protected":false},"excerpt":{"rendered":"<p>Grill cu abur de gaz Seria 700 Plus. Consumul de gaze naturale: 1,65 m 3 \/ h; Consumul de gaz GPL: 1,80 kg \/ h; Putere: 15.60 kW; Dimensiuni: 1200x730x300 mm; Greutate: 135 kg.<\/p>\n","protected":false},"featured_media":13367,"template":"","meta":[],"_links":{"self":[{"href":"https:\/\/evotek.md\/ro\/wp-json\/wp\/v2\/product\/13368"}],"collection":[{"href":"https:\/\/evotek.md\/ro\/wp-json\/wp\/v2\/product"}],"about":[{"href":"https:\/\/evotek.md\/ro\/wp-json\/wp\/v2\/types\/product"}],"wp:featuredmedia":[{"embeddable":true,"href":"https:\/\/evotek.md\/ro\/wp-json\/wp\/v2\/media\/13367"}],"wp:attachment":[{"href":"https:\/\/evotek.md\/ro\/wp-json\/wp\/v2\/media?parent=13368"}],"curies":[{"name":"wp","href":"https:\/\/api.w.org\/{rel}","templated":true}]}}