{"id":1336,"date":"2020-02-06T09:01:22","date_gmt":"2020-02-06T09:05:01","guid":{"rendered":"https:\/\/evotek.md\/?post_type=product&#038;p=1336"},"modified":"2023-03-13T13:37:14","modified_gmt":"2023-03-13T13:37:14","slug":"aparat-pentru-incalzirea-alimentelor-hkn-rh2","status":"publish","type":"product","link":"https:\/\/evotek.md\/ro\/produse\/echipamente-pentru-fast-food\/incalzitoare-de-bucate-2\/aparat-pentru-incalzirea-alimentelor-hkn-rh2\/","title":{"rendered":"MARMIT ELECTRIC PENTRU CARTOFI -HKN-RH2"},"content":{"rendered":"<p><strong>MARMIT ELECTRIC PENTRU CARTOFI -HKN-RH2-<\/strong> Este adesea folosit la recep\u021bii, \u00een unit\u0103\u021bi de alimenta\u021bie public\u0103 \u0219i magazine. Realizat pentru a men\u021bine cartofii pai fierbin\u021bi. Carcasa \u00eenc\u0103lzitorului este realizat din o\u021bel inoxidabil.<\/p>\n<p>Culoarea produsului poate s\u0103 difere de cea prezentat\u0103 pe site.<\/p>\n<p>Caracteristici<\/p>\n<p>Parametri: 345x605x550 mm<\/p>\n<p>Putere: 1 kW<\/p>\n<p>Greutate net\u0103: 7 kg<\/p>\n","protected":false},"excerpt":{"rendered":"<p>Aparat pentru \u00eenc\u0103lzirea alimentelor cu dimensiunile: 345x605x550 mm; Conectare: 230 V; Consumul de energie:1 kW; Greutatea total\u0103 a echipamentului: 7 kg.<\/p>\n<p>&nbsp;<\/p>\n","protected":false},"featured_media":24262,"template":"","meta":[],"_links":{"self":[{"href":"https:\/\/evotek.md\/ro\/wp-json\/wp\/v2\/product\/1336"}],"collection":[{"href":"https:\/\/evotek.md\/ro\/wp-json\/wp\/v2\/product"}],"about":[{"href":"https:\/\/evotek.md\/ro\/wp-json\/wp\/v2\/types\/product"}],"wp:featuredmedia":[{"embeddable":true,"href":"https:\/\/evotek.md\/ro\/wp-json\/wp\/v2\/media\/24262"}],"wp:attachment":[{"href":"https:\/\/evotek.md\/ro\/wp-json\/wp\/v2\/media?parent=1336"}],"curies":[{"name":"wp","href":"https:\/\/api.w.org\/{rel}","templated":true}]}}