{"id":13353,"date":"2020-07-01T13:55:22","date_gmt":"2020-07-01T13:56:18","guid":{"rendered":"https:\/\/evotek.md\/?post_type=product&#038;p=13353"},"modified":"2023-02-13T14:26:09","modified_gmt":"2023-02-13T14:26:09","slug":"suprafata-de-prajit-electrica-emp-pls-7ie030","status":"publish","type":"product","link":"https:\/\/evotek.md\/ro\/produse\/echipamente-pentru-fast-food\/suprafete-de-prajire-2-oborudovanie-dlia-fast-food\/suprafata-de-prajit-electrica-emp-pls-7ie030\/","title":{"rendered":"SUPRAFATA DE PRAJIT ELECTRICA, NETEDA -EMP.PLS.7IE030"},"content":{"rendered":"<p><strong>SUPRAFATA DE PRAJIT ELECTRICA, NETEDA -EMP.PLS.7IE030- \u00a0<\/strong>Suprafa\u021ba de pr\u0103jit este folosit la \u00eentreprinderile de alimenta\u021bie public\u0103 \u0219i comer\u021b pentru pr\u0103jirea c\u0103rnii, pe\u0219tilor \u0219i a legumelor. Facilit\u0103\u021bi: control termostatic; Recipient de ulei amovibil; Igienic \u0219i u\u0219or de cur\u0103\u021bat; Carcas\u0103 din inox.<\/p>\n<p>Caracteristici<\/p>\n<p>Parametri: 1200x730x300 mm<br \/>\nGreutate: 125 kg<br \/>\nPutere: 10,8 kw<\/p>\n","protected":false},"excerpt":{"rendered":"<p>Suprafa\u021b\u0103 de pr\u0103jire- neted\u0103; Parametri: 1200x730x300 mm; Greutate: 125 kg; Putere: 10,8 kw.<\/p>\n","protected":false},"featured_media":41419,"template":"","meta":[],"_links":{"self":[{"href":"https:\/\/evotek.md\/ro\/wp-json\/wp\/v2\/product\/13353"}],"collection":[{"href":"https:\/\/evotek.md\/ro\/wp-json\/wp\/v2\/product"}],"about":[{"href":"https:\/\/evotek.md\/ro\/wp-json\/wp\/v2\/types\/product"}],"wp:featuredmedia":[{"embeddable":true,"href":"https:\/\/evotek.md\/ro\/wp-json\/wp\/v2\/media\/41419"}],"wp:attachment":[{"href":"https:\/\/evotek.md\/ro\/wp-json\/wp\/v2\/media?parent=13353"}],"curies":[{"name":"wp","href":"https:\/\/api.w.org\/{rel}","templated":true}]}}