{"id":13344,"date":"2020-07-01T13:45:45","date_gmt":"2020-07-01T13:46:49","guid":{"rendered":"https:\/\/evotek.md\/?post_type=product&#038;p=13344"},"modified":"2023-02-13T15:32:29","modified_gmt":"2023-02-13T15:32:29","slug":"suprafata-de-prajit-electrica-emp-pls-7ie020","status":"publish","type":"product","link":"https:\/\/evotek.md\/ro\/produse\/echipamente-pentru-fast-food\/suprafete-de-prajire-2-oborudovanie-dlia-fast-food\/suprafata-de-prajit-electrica-emp-pls-7ie020\/","title":{"rendered":"SUPRAFATA DE PRAJIT ELECTRICA, PLATA -EMP.PLS.7IE020"},"content":{"rendered":"<p><strong>SUPRAFATA DE PRAJIT ELECTRICA, PLATA -EMP.PLS.7IE020- \u00a0<\/strong>Suprafa\u021ba de pr\u0103jit este folosit la \u00eentreprinderile de alimenta\u021bie public\u0103 \u0219i comer\u021b pentru pr\u0103jirea c\u0103rnii, pe\u0219tilor \u0219i a legumelor. Facilit\u0103\u021bi: control termostatic; Recipient de ulei amovibil; Igienic \u0219i u\u0219or de cur\u0103\u021bat; Carcas\u0103 din inox.<\/p>\n<p>Caracteristici<\/p>\n<p>Parametri: 800x730x300 mm<br \/>\nNum\u0103rul de zone de \u00eenc\u0103lzire: 2<br \/>\nConexiune: electricitate<br \/>\nPutere: 8,4 kW<br \/>\nTensiune: 380 V<br \/>\nGreutate: 92 kg<\/p>\n","protected":false},"excerpt":{"rendered":"<p>Suprafa\u021b\u0103 de pr\u0103jire- neted\u0103; Parametri: 800x730x300 mm; Greutate: 92 kg; Putere: 8,4 kw.<\/p>\n","protected":false},"featured_media":41431,"template":"","meta":[],"_links":{"self":[{"href":"https:\/\/evotek.md\/ro\/wp-json\/wp\/v2\/product\/13344"}],"collection":[{"href":"https:\/\/evotek.md\/ro\/wp-json\/wp\/v2\/product"}],"about":[{"href":"https:\/\/evotek.md\/ro\/wp-json\/wp\/v2\/types\/product"}],"wp:featuredmedia":[{"embeddable":true,"href":"https:\/\/evotek.md\/ro\/wp-json\/wp\/v2\/media\/41431"}],"wp:attachment":[{"href":"https:\/\/evotek.md\/ro\/wp-json\/wp\/v2\/media?parent=13344"}],"curies":[{"name":"wp","href":"https:\/\/api.w.org\/{rel}","templated":true}]}}