{"id":13333,"date":"2020-07-01T13:23:38","date_gmt":"2020-07-01T13:26:00","guid":{"rendered":"https:\/\/evotek.md\/?post_type=product&#038;p=13333"},"modified":"2023-02-13T14:41:31","modified_gmt":"2023-02-13T14:41:31","slug":"emp-pls-7ie010","status":"publish","type":"product","link":"https:\/\/evotek.md\/ro\/produse\/echipamente-pentru-fast-food\/suprafete-de-prajire-2-oborudovanie-dlia-fast-food\/emp-pls-7ie010\/","title":{"rendered":"SUPRAFATA DE PRAJIT ELECTRICA, NETEDA -EMP.PLS.7IE010"},"content":{"rendered":"<p><strong>SUPRAFATA DE PRAJIT ELECTRICA, NETEDA -EMP.PLS.7IE010- <\/strong>Suprafa\u021ba de pr\u0103jit este folosit la \u00eentreprinderile de alimenta\u021bie public\u0103 \u0219i comer\u021b pentru pr\u0103jirea c\u0103rnii, pe\u0219tilor \u0219i a legumelor. Facilit\u0103\u021bi: control termostatic; Recipient de ulei amovibil; Igienic \u0219i u\u0219or de cur\u0103\u021bat; Carcas\u0103 din inox.<\/p>\n<p>Caracteristici<\/p>\n<p>Suprafa\u021b\u0103 neted\u0103<\/p>\n<p>Putere: 4,2 kW<\/p>\n<p>Tensiune: 380 V<\/p>\n<p>Cutie de colectare a gr\u0103similor<\/p>\n<p>Carcasa este din inox<\/p>\n<p>Dimensiuni: 400x730x300 mm<\/p>\n<p>Greutate: 47 kg<\/p>\n<p>&nbsp;<\/p>\n","protected":false},"excerpt":{"rendered":"<p>Suprafa\u021b\u0103 de pr\u0103jie electric\u0103, seria 700 Plus. Putere: 4,2 kW; Tensiune: 380 V; Cutie de colectare a gr\u0103similor; Carcasa este din inox; Dimensiuni: 400x730x300 mm; Greutate: 47 kg.<\/p>\n","protected":false},"featured_media":39200,"template":"","meta":[],"_links":{"self":[{"href":"https:\/\/evotek.md\/ro\/wp-json\/wp\/v2\/product\/13333"}],"collection":[{"href":"https:\/\/evotek.md\/ro\/wp-json\/wp\/v2\/product"}],"about":[{"href":"https:\/\/evotek.md\/ro\/wp-json\/wp\/v2\/types\/product"}],"wp:featuredmedia":[{"embeddable":true,"href":"https:\/\/evotek.md\/ro\/wp-json\/wp\/v2\/media\/39200"}],"wp:attachment":[{"href":"https:\/\/evotek.md\/ro\/wp-json\/wp\/v2\/media?parent=13333"}],"curies":[{"name":"wp","href":"https:\/\/api.w.org\/{rel}","templated":true}]}}