{"id":13326,"date":"2020-07-01T12:50:44","date_gmt":"2020-07-01T12:51:36","guid":{"rendered":"https:\/\/evotek.md\/?post_type=product&#038;p=13326"},"modified":"2024-10-09T11:47:37","modified_gmt":"2024-10-09T11:47:37","slug":"suprafata-de-prajire-pe-gaz-emp-pls-7ig030","status":"publish","type":"product","link":"https:\/\/evotek.md\/ro\/produse\/echipamente-pentru-fast-food\/suprafete-de-prajire-2-oborudovanie-dlia-fast-food\/suprafata-de-prajire-pe-gaz-emp-pls-7ig030\/","title":{"rendered":"SUPRAFATA DE PRAJIT PE GAZ, NETEDA -EMP.PLS.7IG030"},"content":{"rendered":"<p><strong>SUPRAFATA DE PRAJIT PE GAZ,<\/strong> <strong>NETEDA <\/strong>&#8211;<strong>EMP.PLS.7IG030- <\/strong>Suprafa\u021ba de pr\u0103jit este folosit la \u00eentreprinderile de alimenta\u021bie public\u0103 \u0219i comer\u021b pentru pr\u0103jirea c\u0103rnii, pe\u0219tilor \u0219i legumelor. Facilit\u0103\u021bi: Supape de siguran\u021b\u0103 magnetice \u0219i robinete pilot; Arz\u0103tor piezo; Recipient de ulei amovibil; Igienic \u0219i u\u0219or de cur\u0103\u021bat; Carcas\u0103 din inox.<\/p>\n<p>Caracteristici<\/p>\n<p>Suprafa\u021b\u0103 neted\u0103<br \/>\nPutere: 21,3 kW<br \/>\nCutie deta\u0219abil\u0103 pentru colectarea gr\u0103similor<br \/>\nCorpul este fabricat din inox<br \/>\nDimensiuni: 1200x730x300 mm<br \/>\nGreutate: 125 kg<\/p>\n","protected":false},"excerpt":{"rendered":"<p>Suprafa\u021b\u0103 de pr\u0103jire pe gaz neted\u0103.\u00a0Parametri: 1200x730x300 mm; Greutate: 125 kg; Putere: 21,3 kW.<\/p>\n","protected":false},"featured_media":41419,"template":"","meta":[],"_links":{"self":[{"href":"https:\/\/evotek.md\/ro\/wp-json\/wp\/v2\/product\/13326"}],"collection":[{"href":"https:\/\/evotek.md\/ro\/wp-json\/wp\/v2\/product"}],"about":[{"href":"https:\/\/evotek.md\/ro\/wp-json\/wp\/v2\/types\/product"}],"wp:featuredmedia":[{"embeddable":true,"href":"https:\/\/evotek.md\/ro\/wp-json\/wp\/v2\/media\/41419"}],"wp:attachment":[{"href":"https:\/\/evotek.md\/ro\/wp-json\/wp\/v2\/media?parent=13326"}],"curies":[{"name":"wp","href":"https:\/\/api.w.org\/{rel}","templated":true}]}}