{"id":13298,"date":"2020-07-01T11:43:35","date_gmt":"2020-07-01T11:43:35","guid":{"rendered":"https:\/\/evotek.md\/?post_type=product&#038;p=13298"},"modified":"2020-07-01T11:43:35","modified_gmt":"2020-07-01T11:43:35","slug":"pasta-cooker-cu-suport-emp-pls-7me010","status":"publish","type":"product","link":"https:\/\/evotek.md\/ro\/produse\/echipamente-termice\/pasta-cooker\/pasta-cooker-cu-suport-emp-pls-7me010\/","title":{"rendered":"PASTA COOKER CU SUPORT -EMP.PLS.7ME010"},"content":{"rendered":"<p><strong>PASTA COOKER CU SUPORT &#8211;<\/strong><strong>EMP.PLS.7ME010- <\/strong>Pasta cooker este folosit\u0103 la \u00eentreprinderile de alimenta\u021bie public\u0103 \u0219i comer\u021b pentru prepararea rapid\u0103 \u0219i de \u00eenalt\u0103 calitate a pastelor, produselor de patiserie, orezului, alegumelor, amezelurilor, a ou\u0103lor, creve\u021bilor \u0219i a multor alte produse. Facilit\u0103\u021bi: control termostatic; Co\u0219uri din inox; Robinet de umplere a apei; Robinet de scurgere; Igienic \u0219i u\u0219or de cur\u0103\u021bat; Carcas\u0103 din inox.<\/p>\n<p>Caracteristici<\/p>\n<p>Volumul: 10,5 L<\/p>\n<p>Putere 10.5 kW<\/p>\n<p>Control termostatic<\/p>\n<p>Robinet de umplere a apei<\/p>\n<p>Supapa de scurgere<\/p>\n<p>Carcas\u0103 \u0219i co\u0219uri din inox<\/p>\n<p>Dimensiuni: 400x730x850 mm<\/p>\n<p>Greutate: 70 kg<\/p>\n<p>&nbsp;<\/p>\n","protected":false},"excerpt":{"rendered":"<p>Pasra cooker electric\u0103 cu stand, seria 700 Plus. Volum: 10,5 L; Putere 10,5 kW; Control termostatic; Robinet pentru umplerea apei; Supapa de scurgere; Carcasa \u0219i co\u0219urile sunt din inox; Dimensiuni: 400x730x850 mm; Greutate: 70 kg.<\/p>\n","protected":false},"featured_media":13297,"template":"","meta":[],"_links":{"self":[{"href":"https:\/\/evotek.md\/ro\/wp-json\/wp\/v2\/product\/13298"}],"collection":[{"href":"https:\/\/evotek.md\/ro\/wp-json\/wp\/v2\/product"}],"about":[{"href":"https:\/\/evotek.md\/ro\/wp-json\/wp\/v2\/types\/product"}],"wp:featuredmedia":[{"embeddable":true,"href":"https:\/\/evotek.md\/ro\/wp-json\/wp\/v2\/media\/13297"}],"wp:attachment":[{"href":"https:\/\/evotek.md\/ro\/wp-json\/wp\/v2\/media?parent=13298"}],"curies":[{"name":"wp","href":"https:\/\/api.w.org\/{rel}","templated":true}]}}