{"id":13288,"date":"2020-07-01T11:00:43","date_gmt":"2020-07-01T11:01:42","guid":{"rendered":"https:\/\/evotek.md\/?post_type=product&#038;p=13288"},"modified":"2023-02-28T13:18:48","modified_gmt":"2023-02-28T13:18:48","slug":"friteuza-pe-gaz-emp-pls-7fg010","status":"publish","type":"product","link":"https:\/\/evotek.md\/ro\/produse\/echipamente-pentru-fast-food\/friteuze-2\/friteuza-pe-gaz-emp-pls-7fg010\/","title":{"rendered":"FRITEUZ\u0102 PE GAZ, 18 LITRI -EMP.PLS.7FG010"},"content":{"rendered":"<p><strong>FRITEUZ\u0102 PE GAZ<\/strong>, <strong>18 LITRI<\/strong>\u00a0&#8211;<strong>EMP.PLS.7FG010- <\/strong>Friteuza ad\u00e2nc\u0103 este folosit\u0103 \u00een \u00eentreprinderile de alimenta\u021bie public\u0103 \u0219i comer\u021b pentru a preg\u0103ti o gam\u0103 larg\u0103 de preparate \u00eentr-o cantitate mare de ulei sau gr\u0103simi. \u00centr-o friteuz\u0103 profesional\u0103, pute\u021bi g\u0103ti chipsuri, cartofi pr\u0103ji\u021bi, diverse tipuri de gogo\u0219i, pl\u0103cinte, precum \u0219i carne sau pe\u0219te cu o crust\u0103 crocant\u0103. Facilit\u0103\u021bi: control termostatic; Co\u0219uri din inox; Supape de siguran\u021b\u0103 \u0219i termocuple magnetice; Scurgerea sigur\u0103 a uleiului de jos prin robinet; Termostat de siguran\u021b\u0103 pentru protec\u021bie \u00eempotriva supra\u00eenc\u0103lzirii; U\u0219or de cur\u0103\u021bat \u0219i igienic; Carcas\u0103 din inox.<\/p>\n<p>Caracteristici<\/p>\n<p>Volumul total: 18 L<\/p>\n<p>Num\u0103rul de cuvei: 1<\/p>\n<p>Volumul: 18 L<\/p>\n<p>Putere: 11,63 kW<\/p>\n<p>Tensiune: 220 V<\/p>\n<p>Greutate: 70 kg<\/p>\n<p>Parametri: 400x730x850 mm<\/p>\n<p>Consumul de gaze naturale: 1,22 m3 \/ h<\/p>\n<p>Consumul de gaz GPL: 0,61 kg \/ h<\/p>\n<p>&nbsp;<\/p>\n","protected":false},"excerpt":{"rendered":"<p>Friteuz\u0103 pe gaz. Volum: 18 L; Numar de cuve: 1; Volum: 18 l; Putere: 11,63 kW; Tensiune: 220 V; Greutate: 70 kg; Parametri: 400x730x850 mm; Consumul de gaze naturale: 1,22 m3 \/ h; Consumul de gaz GPL: 0,61 kg \/ h.<\/p>\n","protected":false},"featured_media":13285,"template":"","meta":[],"_links":{"self":[{"href":"https:\/\/evotek.md\/ro\/wp-json\/wp\/v2\/product\/13288"}],"collection":[{"href":"https:\/\/evotek.md\/ro\/wp-json\/wp\/v2\/product"}],"about":[{"href":"https:\/\/evotek.md\/ro\/wp-json\/wp\/v2\/types\/product"}],"wp:featuredmedia":[{"embeddable":true,"href":"https:\/\/evotek.md\/ro\/wp-json\/wp\/v2\/media\/13285"}],"wp:attachment":[{"href":"https:\/\/evotek.md\/ro\/wp-json\/wp\/v2\/media?parent=13288"}],"curies":[{"name":"wp","href":"https:\/\/api.w.org\/{rel}","templated":true}]}}