{"id":13281,"date":"2020-07-01T10:46:37","date_gmt":"2020-07-01T10:47:22","guid":{"rendered":"https:\/\/evotek.md\/?post_type=product&#038;p=13281"},"modified":"2023-02-28T13:10:38","modified_gmt":"2023-02-28T13:10:38","slug":"friteuza-electrica-emp-pls-7fe020","status":"publish","type":"product","link":"https:\/\/evotek.md\/ro\/produse\/echipamente-pentru-fast-food\/friteuze-2\/friteuza-electrica-emp-pls-7fe020\/","title":{"rendered":"FRITEUZA ELECTRICA, 14+14 LITRI -EMP.PLS.7FE020"},"content":{"rendered":"<p><strong>FRITEUZA ELECTRICA, 14+14 LITRI -EMP.PLS.7FE020- <\/strong>Friteuza ad\u00e2nc\u0103 este folosit\u0103 la \u00eentreprinderile de alimenta\u021bie public\u0103 \u0219i comer\u021b pentru prepararea diferitelor tipuri de produse. Modelul este echipat cu o supap\u0103 special\u0103 pentru evacuarea sigur\u0103 a uleiului, amplasat\u0103 \u00een partea de jos. Carcasa \u0219i co\u0219urile sunt din inox. Facilit\u0103\u021bi: control termostatic; Termostat de siguran\u021b\u0103 pentru a preveni supra\u00eenc\u0103lzirea; \u00cenc\u0103lzitoarele mobile ofer\u0103 o cur\u0103\u021bare u\u0219oar\u0103; Suport constant convenabil; Igienic \u0219i u\u0219or de cur\u0103\u021bat.<\/p>\n<p>Caracteristici<br \/>\nNum\u0103rul de cuve: 2<br \/>\nCapacitate: 14+14 L<br \/>\nPutere: 21 kW<br \/>\nParametri: 800x730x300 mm<br \/>\nGreutate: 44 kg<br \/>\nIntrare electrica: 400 V AC 3N PE<br \/>\nSec\u021biunea cablului (mm2): 5&#215;2,5<br \/>\nControl termostatic<br \/>\nCo\u0219uri din o\u021bel inoxidabil<br \/>\nIncalzitoare mobile pentru curatare usoara<br \/>\nEvacuarea sigur\u0103 a uleiului de jos prin supap\u0103<br \/>\nTermostat de siguran\u021b\u0103 pentru protec\u021bie \u00eempotriva supra\u00eenc\u0103lzirii<br \/>\nUsor de curatat si igienic<br \/>\nCorp din o\u021bel inoxidabi<\/p>\n<p>&nbsp;<\/p>\n","protected":false},"excerpt":{"rendered":"<p>Friteuz\u0103 electric\u0103. Num\u0103rul de cuve: 2; Capacitate: 14+14; Putere: 21 kW; Parametri: 800x730x300 mm; Greutate: 44 kg; Intrare electrica: 400 V AC 3N PE; Sec\u021biunea cablului (mm2): 5&#215;2,5; Control termostatic; Co\u0219uri din o\u021bel inoxidabil; Incalzitoare mobile pentru curatare usoara; Evacuarea sigur\u0103 a uleiului de jos prin supap\u0103; Termostat de siguran\u021b\u0103 pentru protec\u021bie \u00eempotriva supra\u00eenc\u0103lzirii; Usor de curatat si igienic; Corp din o\u021bel inoxidabi.<\/p>\n","protected":false},"featured_media":39729,"template":"","meta":[],"_links":{"self":[{"href":"https:\/\/evotek.md\/ro\/wp-json\/wp\/v2\/product\/13281"}],"collection":[{"href":"https:\/\/evotek.md\/ro\/wp-json\/wp\/v2\/product"}],"about":[{"href":"https:\/\/evotek.md\/ro\/wp-json\/wp\/v2\/types\/product"}],"wp:featuredmedia":[{"embeddable":true,"href":"https:\/\/evotek.md\/ro\/wp-json\/wp\/v2\/media\/39729"}],"wp:attachment":[{"href":"https:\/\/evotek.md\/ro\/wp-json\/wp\/v2\/media?parent=13281"}],"curies":[{"name":"wp","href":"https:\/\/api.w.org\/{rel}","templated":true}]}}