{"id":13276,"date":"2020-07-01T10:39:06","date_gmt":"2020-07-01T10:39:45","guid":{"rendered":"https:\/\/evotek.md\/?post_type=product&#038;p=13276"},"modified":"2023-02-28T13:12:03","modified_gmt":"2023-02-28T13:12:03","slug":"friteuza-electrica-emp-pls-7fe010","status":"publish","type":"product","link":"https:\/\/evotek.md\/ro\/produse\/echipamente-pentru-fast-food\/friteuze-2\/friteuza-electrica-emp-pls-7fe010\/","title":{"rendered":"FRITEUZA ELECTRICA, 18 LITRI -EMP.PLS.7FE010"},"content":{"rendered":"<p><strong>FRITEUZA ELECTRICA, 18 LITRI -EMP.PLS.7FE010- <\/strong>Friteuza ad\u00e2nc\u0103 este folosit\u0103 la \u00eentreprinderile de alimenta\u021bie public\u0103 \u0219i comer\u021b pentru prepararea diferitelor tipuri de produse. Modelul este echipat cu o supap\u0103 special\u0103 pentru evacuarea sigur\u0103 a uleiului, amplasat\u0103 \u00een partea de jos. Carcasa \u0219i co\u0219urile sunt din inox. Facilit\u0103\u021bi: control termostatic; Termostat de siguran\u021b\u0103 pentru a preveni supra\u00eenc\u0103lzirea; \u00cenc\u0103lzitoarele mobile ofer\u0103 o cur\u0103\u021bare u\u0219oar\u0103; Suport constant convenabil; Igienic \u0219i u\u0219or de cur\u0103\u021bat.<\/p>\n<p>Caracteristici<\/p>\n<p>Conexiune: 380 V<\/p>\n<p>Num\u0103rul de cuve: 1<\/p>\n<p>Capacitate: 18 L<\/p>\n<p>Robinet de evacuare a uleiului<\/p>\n<p>Putere: 12 kW<\/p>\n<p>Parametri: 400x730x850 mm<\/p>\n<p>Greutate: 65 kg<\/p>\n<p>&nbsp;<\/p>\n","protected":false},"excerpt":{"rendered":"<p>Friteuz\u0103 electric\u0103. Conexiune: 380 V; Numar de cuve: 1; Capacitate: 18 L; Robinet de evacuare a uleiului; Putere: 12 kW; Parametri: 400x730x850 mm; Greutate: 65 kg.<\/p>\n","protected":false},"featured_media":13275,"template":"","meta":[],"_links":{"self":[{"href":"https:\/\/evotek.md\/ro\/wp-json\/wp\/v2\/product\/13276"}],"collection":[{"href":"https:\/\/evotek.md\/ro\/wp-json\/wp\/v2\/product"}],"about":[{"href":"https:\/\/evotek.md\/ro\/wp-json\/wp\/v2\/types\/product"}],"wp:featuredmedia":[{"embeddable":true,"href":"https:\/\/evotek.md\/ro\/wp-json\/wp\/v2\/media\/13275"}],"wp:attachment":[{"href":"https:\/\/evotek.md\/ro\/wp-json\/wp\/v2\/media?parent=13276"}],"curies":[{"name":"wp","href":"https:\/\/api.w.org\/{rel}","templated":true}]}}