{"id":13270,"date":"2020-07-01T09:31:33","date_gmt":"2020-07-01T09:32:10","guid":{"rendered":"https:\/\/evotek.md\/?post_type=product&#038;p=13270"},"modified":"2023-01-17T10:15:35","modified_gmt":"2023-01-17T10:15:35","slug":"plita-pe-gaz-wok-emp-pls-7wk030","status":"publish","type":"product","link":"https:\/\/evotek.md\/ro\/produse\/echipamente-termice\/plite-de-gaz\/plita-pe-gaz-wok-emp-pls-7wk030\/","title":{"rendered":"PLIT\u0102 PE GAZ WOK CU 3 ARZATOARE -EMP.PLS.7WK030"},"content":{"rendered":"<p><strong>PLIT\u0102 PE GAZ WOK CU 3 ARZATOARE\u00a0&#8211;<\/strong><strong>EMP.PLS.7WK030<\/strong><strong>&#8211; <\/strong>Plita pe gaz WOK este conceput\u0103 pentru g\u0103tirea c\u0103rnii, a pe\u0219tilor, a legumelor \u0219i a altor produse \u00een alimenta\u021bia public\u0103 \u0219i comer\u021b. Facilit\u0103\u021bi: valve electrovalve \u0219i termocuple; Grilaj din font\u0103; Aprindere piezoelectric\u0103 pentru fiecare arz\u0103tor; U\u0219or de cur\u0103\u021bat \u0219i igienic; Carcas\u0103 din inox.<\/p>\n<p>Caracteristici<\/p>\n<p>Num\u0103rul de arz\u0103toare: 3<\/p>\n<p>Putere: 54 kW<\/p>\n<p>Tensiune: 220 V<\/p>\n<p>Greutate: 110 kg<\/p>\n<p>Parametri: 1200x730x300 mm<\/p>\n<p>Consumul de gaze naturale: 5,6 m3 \/ h<\/p>\n<p>Consumul de gaz GPL: 3,15 kg \/ h<\/p>\n<p>&nbsp;<\/p>\n","protected":false},"excerpt":{"rendered":"<p>Plit\u0103 pe gaz Wok cu 3 arz\u0103toare. Putere: 54 kW; Tensiune: 220 V; Greutate: 110 kg; Parametri: 1200x730x300 mm; Consumul de gaze naturale: 5,6 m3 \/ h; Consumul de gaz GPL: 3,15 kg \/ h.<\/p>\n","protected":false},"featured_media":13269,"template":"","meta":[],"_links":{"self":[{"href":"https:\/\/evotek.md\/ro\/wp-json\/wp\/v2\/product\/13270"}],"collection":[{"href":"https:\/\/evotek.md\/ro\/wp-json\/wp\/v2\/product"}],"about":[{"href":"https:\/\/evotek.md\/ro\/wp-json\/wp\/v2\/types\/product"}],"wp:featuredmedia":[{"embeddable":true,"href":"https:\/\/evotek.md\/ro\/wp-json\/wp\/v2\/media\/13269"}],"wp:attachment":[{"href":"https:\/\/evotek.md\/ro\/wp-json\/wp\/v2\/media?parent=13270"}],"curies":[{"name":"wp","href":"https:\/\/api.w.org\/{rel}","templated":true}]}}