{"id":13265,"date":"2020-07-01T09:24:02","date_gmt":"2020-07-01T09:24:55","guid":{"rendered":"https:\/\/evotek.md\/?post_type=product&#038;p=13265"},"modified":"2025-07-28T12:01:51","modified_gmt":"2025-07-28T12:01:51","slug":"plita-pe-gaz-wok-emp-pls-7wk020","status":"publish","type":"product","link":"https:\/\/evotek.md\/ro\/produse\/echipamente-termice\/plite-de-gaz\/plita-pe-gaz-wok-emp-pls-7wk020\/","title":{"rendered":"PLIT\u0102 PE GAZ WOK CU 2 ARZATOARE -EMP.PLS.7WK020"},"content":{"rendered":"<p><strong>PLIT\u0102 PE GAZ WOK<\/strong> <strong>CU 2 ARZATOARE &#8211;<\/strong><strong>EMP.PLS.7WK020<\/strong><strong>&#8211; <\/strong>Plita pe gaz WOK este conceput\u0103 pentru g\u0103tirea c\u0103rnii, a pe\u0219tilor, a legumelor \u0219i a altor produse \u00een alimenta\u021bia public\u0103 \u0219i comer\u021b. Facilit\u0103\u021bi: valve electrovalve \u0219i termocuple; Grilaj din font\u0103; Aprindere piezoelectric\u0103 pentru fiecare arz\u0103tor; U\u0219or de cur\u0103\u021bat \u0219i igienic; Carcas\u0103 din inox.<\/p>\n<p>Caracteristici<br \/>\nInstalare: de mas\u0103<br \/>\nTip de \u00eenc\u0103lzire: arz\u0103tor<br \/>\nConexiune: gaz<br \/>\nNum\u0103r de arz\u0103toare: 2<br \/>\nControl: mecanic<br \/>\nControl gaz: da<br \/>\nAprindere piezo: da<br \/>\nNum\u0103r de niveluri de putere: 6<br \/>\nProtec\u021bie la supra\u00eenc\u0103lzire: da<br \/>\nMaterial corp: o\u021bel inoxidabil<br \/>\nPutere: 36000 W<br \/>\nTensiune: 220 V<br \/>\nL\u0103\u021bime: 80 cm<br \/>\nAd\u00e2ncime: 73 cm<br \/>\n\u00cen\u0103l\u021bime: 30 cm<br \/>\nGreutate f\u0103r\u0103 ambalaj: 72 kg<\/p>\n<p>&nbsp;<\/p>\n","protected":false},"excerpt":{"rendered":"<p>Plit\u0103 pe gaz Wok cu 2 arz\u0103toare. Instalare: de mas\u0103; Tip de \u00eenc\u0103lzire: arz\u0103tor; Conexiune: gaz; Num\u0103r de arz\u0103toare: 2; Control: mecanic; Control gaz: da; Aprindere piezo: da; Num\u0103r de niveluri de putere: 6; Protec\u021bie la supra\u00eenc\u0103lzire: da; Material corp: o\u021bel inoxidabil; Putere: 36000 W; Tensiune: 220 V; L\u0103\u021bime: 80 cm; Ad\u00e2ncime: 73 cm; \u00cen\u0103l\u021bime: 30 cm; Greutate f\u0103r\u0103 ambalaj: 72 kg.<\/p>\n","protected":false},"featured_media":13264,"template":"","meta":[],"_links":{"self":[{"href":"https:\/\/evotek.md\/ro\/wp-json\/wp\/v2\/product\/13265"}],"collection":[{"href":"https:\/\/evotek.md\/ro\/wp-json\/wp\/v2\/product"}],"about":[{"href":"https:\/\/evotek.md\/ro\/wp-json\/wp\/v2\/types\/product"}],"wp:featuredmedia":[{"embeddable":true,"href":"https:\/\/evotek.md\/ro\/wp-json\/wp\/v2\/media\/13264"}],"wp:attachment":[{"href":"https:\/\/evotek.md\/ro\/wp-json\/wp\/v2\/media?parent=13265"}],"curies":[{"name":"wp","href":"https:\/\/api.w.org\/{rel}","templated":true}]}}