{"id":13251,"date":"2020-07-01T08:45:05","date_gmt":"2020-07-01T08:45:47","guid":{"rendered":"https:\/\/evotek.md\/?post_type=product&#038;p=13251"},"modified":"2023-01-17T12:15:25","modified_gmt":"2023-01-17T12:15:25","slug":"plita-pe-gaz-emp-pls-7kg030","status":"publish","type":"product","link":"https:\/\/evotek.md\/ro\/produse\/echipamente-termice\/plite-de-gaz\/plita-pe-gaz-emp-pls-7kg030\/","title":{"rendered":"PLITA PE GAZ CU 6 ARZATOARE -EMP.PLS.7KG030"},"content":{"rendered":"<p><strong>PLITA PE GAZ CU 6 ARZATOARE<\/strong> <strong>&#8211;<\/strong><strong>EMP.PLS.7KG030<\/strong><strong>&#8211; <\/strong>Plita pe gaz este conceput\u0103 pentru g\u0103tirea diferitor tipuri de bucate \u00een buc\u0103t\u0103riile restaurantelor, cafenelelor, cantinelor \u0219i magazinelor de alimenta\u021bie public\u0103. Facilit\u0103\u021bi: supap\u0103 de gaz magnetic\u0103 \u0219i termocuple; Grilaj din font\u0103; Aprindere piezoelectric\u0103 pentru fiecare arz\u0103tor; U\u0219or de cur\u0103\u021bat \u0219i igienic; Carcas\u0103 din inox.<\/p>\n<p>Caracteristici<\/p>\n<p>Num\u0103rul de arz\u0103toare: 6<\/p>\n<p>Consumul de gaze naturale: 3,63 m3 \/ h<\/p>\n<p>Consumul de gaz GPL: 2,70 kg \/ h<\/p>\n<p>Tip de arz\u0103tor: Sec\u021bional<\/p>\n<p>Putere total\u0103: 34,5 kW<\/p>\n<p>Tensiune: 220 V<\/p>\n<p>Greutate: 90 kg<\/p>\n<p>Parametri: 1200x730x300 mm<\/p>\n<p>&nbsp;<\/p>\n","protected":false},"excerpt":{"rendered":"<p>Plit\u0103 pe gaz cu 6 arz\u0103toare. Consumul de gaze naturale: 3,63 m3 \/ h; Consumul de gaz GPL: 2,70 kg \/ h; Tip de arz\u0103tor: Sec\u021bional; Putere total\u0103: 34,5 kW; Tensiune: 220 V; Greutate: 90 kg; Parametri: 1200x730x300 mm.<\/p>\n","protected":false},"featured_media":13250,"template":"","meta":[],"_links":{"self":[{"href":"https:\/\/evotek.md\/ro\/wp-json\/wp\/v2\/product\/13251"}],"collection":[{"href":"https:\/\/evotek.md\/ro\/wp-json\/wp\/v2\/product"}],"about":[{"href":"https:\/\/evotek.md\/ro\/wp-json\/wp\/v2\/types\/product"}],"wp:featuredmedia":[{"embeddable":true,"href":"https:\/\/evotek.md\/ro\/wp-json\/wp\/v2\/media\/13250"}],"wp:attachment":[{"href":"https:\/\/evotek.md\/ro\/wp-json\/wp\/v2\/media?parent=13251"}],"curies":[{"name":"wp","href":"https:\/\/api.w.org\/{rel}","templated":true}]}}