{"id":13240,"date":"2020-07-01T08:24:09","date_gmt":"2020-07-01T08:24:44","guid":{"rendered":"https:\/\/evotek.md\/?post_type=product&#038;p=13240"},"modified":"2023-01-17T09:34:11","modified_gmt":"2023-01-17T09:34:11","slug":"plita-pe-gaz-emp-pls-7kg010","status":"publish","type":"product","link":"https:\/\/evotek.md\/ro\/produse\/echipamente-termice\/plite-de-gaz\/plita-pe-gaz-emp-pls-7kg010\/","title":{"rendered":"PLITA PE GAZ 2 ARZATOARE -EMP.PLS.7KG010"},"content":{"rendered":"<p><strong>PLITA PE GAZ 2 ARZATOARE &#8211;<\/strong><strong>EMP.PLS.7KG010<\/strong><strong>&#8211; <\/strong>Plita pe gaz este conceput\u0103 pentru g\u0103tirea diferitor tipuri de bucate \u00een buc\u0103t\u0103riile restaurantelor, cafenelelor, cantinelor \u0219i magazinelor de alimenta\u021bie public\u0103. Facilit\u0103\u021bi: supap\u0103 de gaz magnetic\u0103 \u0219i termocuple; Grilaj din font\u0103; Aprindere piezoelectric\u0103 pentru fiecare arz\u0103tor; U\u0219or de cur\u0103\u021bat \u0219i igienic; Carcas\u0103 din inox.<\/p>\n<p>Caracteristici<\/p>\n<p>Num\u0103rul de arz\u0103toare: 2<\/p>\n<p>Consumul de gaze naturale: 1,21 m3 \/ h<\/p>\n<p>Consumul de gaz GPL: 0,90 kg \/ h<\/p>\n<p>Tip de arz\u0103tor: Sec\u021bional<\/p>\n<p>Putere total\u0103: 11,5 kW<\/p>\n<p>Tensiune: 220 V<\/p>\n<p>Greutate: 40 kg<\/p>\n<p>Parametri: 400x730x300 mm<\/p>\n<p>&nbsp;<\/p>\n","protected":false},"excerpt":{"rendered":"<p>Plit\u0103 pe gaz cu 2 arz\u0103toare. Consumul de gaze naturale: 1,21 m3 \/ h; Consumul de gaz GPL: 0,90 kg \/ h; Tip de arz\u0103tor: Sec\u021bional; Putere total\u0103: 11,5 kW; Tensiune: 220 V; Greutate: 40 kg; Parametri: 400x730x300 mm.<\/p>\n","protected":false},"featured_media":13239,"template":"","meta":[],"_links":{"self":[{"href":"https:\/\/evotek.md\/ro\/wp-json\/wp\/v2\/product\/13240"}],"collection":[{"href":"https:\/\/evotek.md\/ro\/wp-json\/wp\/v2\/product"}],"about":[{"href":"https:\/\/evotek.md\/ro\/wp-json\/wp\/v2\/types\/product"}],"wp:featuredmedia":[{"embeddable":true,"href":"https:\/\/evotek.md\/ro\/wp-json\/wp\/v2\/media\/13239"}],"wp:attachment":[{"href":"https:\/\/evotek.md\/ro\/wp-json\/wp\/v2\/media?parent=13240"}],"curies":[{"name":"wp","href":"https:\/\/api.w.org\/{rel}","templated":true}]}}