{"id":13195,"date":"2020-06-30T14:36:50","date_gmt":"2020-06-30T14:37:35","guid":{"rendered":"https:\/\/evotek.md\/?post_type=product&#038;p=13195"},"modified":"2023-01-17T10:12:07","modified_gmt":"2023-01-17T10:12:07","slug":"plita-pe-gaz-wok-emp-7wk010","status":"publish","type":"product","link":"https:\/\/evotek.md\/ro\/produse\/echipamente-termice\/plite-de-gaz\/plita-pe-gaz-wok-emp-7wk010\/","title":{"rendered":"PLITA PE GAZ WOK CU 1 ARZATOR -EMP.7WK010"},"content":{"rendered":"<p><strong>PLITA PE GAZ WOK CU 1 ARZATOR -EMP.7WK010<\/strong>&#8211; Plit\u0103 pe gaz WOK este conceput\u0103 pentru g\u0103tirea c\u0103rnii, a pe\u0219tilor, a legumelor \u0219i a altor produse dup\u0103 metoda prepar\u0103rii \u00een alimenta\u021bia public\u0103 \u0219i comer\u021b. Facilit\u0103\u021bi: Supap\u0103 de gaz de siguran\u021b\u0103; Grilaj din font\u0103; Aprindere piezoelectric\u0103 pentru fiecare arz\u0103tor; U\u0219or de cur\u0103\u021bat \u0219i igienic; Carcas\u0103 din inox.<\/p>\n<p>Caracteristici<\/p>\n<p>Consumul de gaze naturale: 1,9 m3 \/ h<\/p>\n<p>Consumul de gaz GPL: 1,5 kg \/ h<\/p>\n<p>Num\u0103rul de arz\u0103toare: 1<\/p>\n<p>Putere: 18 kW<\/p>\n<p>Tensiune: 220 V<\/p>\n<p>Greutate: 36 kg<\/p>\n<p>Parametri: 400x730x285 mm<\/p>\n<p>&nbsp;<\/p>\n","protected":false},"excerpt":{"rendered":"<p>Plit\u0103 pe gaz WOK. Consumul de gaze naturale: 1,9 m3 \/ h; Consumul de gaz GPL: 1,5 kg \/ h; Num\u0103rul de arz\u0103toare: 1; Putere: 18 kW; Tensiune: 220 V; Greutate: 36 kg; Parametri: 400x730x285 mm.<\/p>\n","protected":false},"featured_media":13194,"template":"","meta":[],"_links":{"self":[{"href":"https:\/\/evotek.md\/ro\/wp-json\/wp\/v2\/product\/13195"}],"collection":[{"href":"https:\/\/evotek.md\/ro\/wp-json\/wp\/v2\/product"}],"about":[{"href":"https:\/\/evotek.md\/ro\/wp-json\/wp\/v2\/types\/product"}],"wp:featuredmedia":[{"embeddable":true,"href":"https:\/\/evotek.md\/ro\/wp-json\/wp\/v2\/media\/13194"}],"wp:attachment":[{"href":"https:\/\/evotek.md\/ro\/wp-json\/wp\/v2\/media?parent=13195"}],"curies":[{"name":"wp","href":"https:\/\/api.w.org\/{rel}","templated":true}]}}