{"id":13171,"date":"2020-06-30T11:29:48","date_gmt":"2020-06-30T11:29:48","guid":{"rendered":"https:\/\/evotek.md\/?post_type=product&#038;p=13171"},"modified":"2020-06-30T11:29:49","modified_gmt":"2020-06-30T11:29:49","slug":"bain-mari-electric-emp-6se020","status":"publish","type":"product","link":"https:\/\/evotek.md\/ro\/produse\/echipamente-pentru-fast-food\/marmite-cu-suport-pe-masa-2\/bain-mari-electric-emp-6se020\/","title":{"rendered":"BAIN MARI ELECTRIC -EMP.6SE020"},"content":{"rendered":"<p><strong>BAIN MARI ELECTRIC -EMP.6SE020- <\/strong>\u00cen fiecare buc\u0103t\u0103rie trebuie s\u0103 existe o tehnic\u0103 special\u0103 pentru \u00eenc\u0103lzirea rapid\u0103 a bucatelor. Achizi\u021bion\u00e2nd astfel de marmit ve\u021bi putea \u00eenc\u0103lzi rapid m\u00e2ncarea. Clien\u021bii dvs. nu vor trebui s\u0103 a\u0219tepte mult. Majoritatea marmitelor sunt folosite \u00een buc\u0103t\u0103riile cu un flux mare de oameni. Facilit\u0103\u021bi: control termostatic; Capacitatea modulului complet: 1 buc GN 1\/1 + 2 buc\u0103\u021bi \u00bc; Robinet pentru scurgerea uleiului; Robinet pentru alimentare cu ap\u0103; U\u0219or de cur\u0103\u021bat \u0219i igienic; Carcasa este din inox.<\/p>\n<p>Caracteristici<\/p>\n<p>Dimensiuni: 600x635x285 mm<\/p>\n<p>Greutate: 32 kg<\/p>\n<p>Putere: 3 kW<\/p>\n<p>Conexiune: 230 V<\/p>\n<p>&nbsp;<\/p>\n","protected":false},"excerpt":{"rendered":"<p>Bain marie electric. Dimensiuni: 600x635x285 mm; Greutate: 32 kg; Putere: 3 kW; Conexiune: 230 V.<\/p>\n","protected":false},"featured_media":13170,"template":"","meta":[],"_links":{"self":[{"href":"https:\/\/evotek.md\/ro\/wp-json\/wp\/v2\/product\/13171"}],"collection":[{"href":"https:\/\/evotek.md\/ro\/wp-json\/wp\/v2\/product"}],"about":[{"href":"https:\/\/evotek.md\/ro\/wp-json\/wp\/v2\/types\/product"}],"wp:featuredmedia":[{"embeddable":true,"href":"https:\/\/evotek.md\/ro\/wp-json\/wp\/v2\/media\/13170"}],"wp:attachment":[{"href":"https:\/\/evotek.md\/ro\/wp-json\/wp\/v2\/media?parent=13171"}],"curies":[{"name":"wp","href":"https:\/\/api.w.org\/{rel}","templated":true}]}}