{"id":13153,"date":"2020-06-30T09:50:19","date_gmt":"2020-06-30T09:51:13","guid":{"rendered":"https:\/\/evotek.md\/?post_type=product&#038;p=13153"},"modified":"2025-07-10T10:15:17","modified_gmt":"2025-07-10T10:15:17","slug":"grill-cu-abur-pe-gaz-emp-6lg020-s","status":"publish","type":"product","link":"https:\/\/evotek.md\/ro\/produse\/echipamente-pentru-fast-food\/grill-cu-abur\/grill-cu-abur-pe-gaz-emp-6lg020-s\/","title":{"rendered":"GRILL CU ABUR PE GAZ -EMP.6LG020-S"},"content":{"rendered":"<p><strong>GRILL CU ABUR PE GAZ -EMP.6LG020-S<\/strong><strong>&#8211;<\/strong> Grill-ul cu abur pe gaz este ideal pentru g\u0103titul alimentelor s\u0103n\u0103toase \u0219i integrale. Datorit\u0103 apei care se transform\u0103 \u00een abur, preparatele sunt foarte suculente.<\/p>\n<p>Caracteristici<br \/>\nDimensiuni: 800x730x285 mm<br \/>\nPutere: 10,4 kW<br \/>\nConsum de gaz natural: m3\/or\u0103 1,10<br \/>\nConsum de gaz lichefiat: kg\/or\u0103 1,20<br \/>\nGreutate: 90 kg<br \/>\nG\u0103tire mai eficient\u0103 datorit\u0103 evapor\u0103rii<br \/>\nCompatibil cu GPL \u0219i GN<br \/>\nSupape magnetice de siguran\u021b\u0103, supape pilot<br \/>\nDou\u0103 zone de \u00eenc\u0103lzire<br \/>\nFiecare arz\u0103tor este controlat de o aprindere piezo<br \/>\nGr\u0103tar din font\u0103<br \/>\nCur\u0103\u021bare u\u0219oar\u0103 \u0219i igienic\u0103<br \/>\nCarcasa este fabricata din o\u021bel inoxidabil<\/p>\n<p>&nbsp;<\/p>\n","protected":false},"excerpt":{"rendered":"<p>Grill cu abur pe gaz. Dimensiuni: 800x730x285 mm; Putere: 10,4 kW; Consum de gaz natural: m3\/or\u0103 1,10; Consum de gaz lichefiat: kg\/or\u0103 1,20; Greutate: 90 kg; G\u0103tire mai eficient\u0103 datorit\u0103 evapor\u0103rii; Compatibil cu GPL \u0219i GN; Supape magnetice de siguran\u021b\u0103, supape pilot; Dou\u0103 zone de \u00eenc\u0103lzire; Fiecare arz\u0103tor este controlat de o aprindere piezo; Gr\u0103tar din font\u0103; Cur\u0103\u021bare u\u0219oar\u0103 \u0219i igienic\u0103; Carcasa este fabricata din o\u021bel inoxidabil.<\/p>\n","protected":false},"featured_media":13152,"template":"","meta":[],"_links":{"self":[{"href":"https:\/\/evotek.md\/ro\/wp-json\/wp\/v2\/product\/13153"}],"collection":[{"href":"https:\/\/evotek.md\/ro\/wp-json\/wp\/v2\/product"}],"about":[{"href":"https:\/\/evotek.md\/ro\/wp-json\/wp\/v2\/types\/product"}],"wp:featuredmedia":[{"embeddable":true,"href":"https:\/\/evotek.md\/ro\/wp-json\/wp\/v2\/media\/13152"}],"wp:attachment":[{"href":"https:\/\/evotek.md\/ro\/wp-json\/wp\/v2\/media?parent=13153"}],"curies":[{"name":"wp","href":"https:\/\/api.w.org\/{rel}","templated":true}]}}