{"id":13147,"date":"2020-06-30T09:40:35","date_gmt":"2020-06-30T09:40:35","guid":{"rendered":"https:\/\/evotek.md\/?post_type=product&#038;p=13147"},"modified":"2020-06-30T09:42:41","modified_gmt":"2020-06-30T09:42:41","slug":"grill-cu-abur-pe-gaz-emp-6lg030","status":"publish","type":"product","link":"https:\/\/evotek.md\/ro\/produse\/echipamente-pentru-fast-food\/grill-cu-abur\/grill-cu-abur-pe-gaz-emp-6lg030\/","title":{"rendered":"GRILL CU ABUR PE GAZ -EMP.6LG030"},"content":{"rendered":"<p><strong>GRILL CU ABUR PE GAZ -EMP.6LG030<\/strong><strong>&#8211;<\/strong> Grill cu abur de gaz este ideal pentru prepararea alimentelor s\u0103n\u0103toase. Datorit\u0103 aburului, produsele vor p\u0103stra toate propriet\u0103\u021bile benefice \u0219i vor r\u0103m\u00e2ne foarte suculente. Facilit\u0103\u021bi: datorit\u0103 evapor\u0103rii, g\u0103titul este mai eficient; Compatibil cu GPL \u0219i GES; Robinete magnetice de siguran\u021b\u0103, supape pilot; Dou\u0103 zone pentru \u00eenc\u0103lzire; Controlarea fiec\u0103rui arz\u0103tor cu aprindere piezo; Grill din font\u0103; U\u0219or de cur\u0103\u021bat \u0219i igienic; Carcasa este din inox.<\/p>\n<p>Caracteristici<\/p>\n<p>Dimensiune: 400x730x285 mm<\/p>\n<p>Putere: 5,2 kW<\/p>\n<p>Consumul natural: m3 \/ ora 0,55<\/p>\n<p>Consumul de gaz lichefiat: kg \/ or\u0103 0,60<\/p>\n<p>Greutate: 45 kg<\/p>\n<p>&nbsp;<\/p>\n","protected":false},"excerpt":{"rendered":"<p>Grill cu abur pe gaz. Dimensiune: 400x730x285 mm; Putere: 5,2 kW; Consum natural: m3 \/ ora 0,55; Consumul de gaz lichefiat: kg \/ or\u0103 0,60; Greutate: 45 kg.<\/p>\n","protected":false},"featured_media":13146,"template":"","meta":[],"_links":{"self":[{"href":"https:\/\/evotek.md\/ro\/wp-json\/wp\/v2\/product\/13147"}],"collection":[{"href":"https:\/\/evotek.md\/ro\/wp-json\/wp\/v2\/product"}],"about":[{"href":"https:\/\/evotek.md\/ro\/wp-json\/wp\/v2\/types\/product"}],"wp:featuredmedia":[{"embeddable":true,"href":"https:\/\/evotek.md\/ro\/wp-json\/wp\/v2\/media\/13146"}],"wp:attachment":[{"href":"https:\/\/evotek.md\/ro\/wp-json\/wp\/v2\/media?parent=13147"}],"curies":[{"name":"wp","href":"https:\/\/api.w.org\/{rel}","templated":true}]}}