{"id":13142,"date":"2020-06-30T09:22:33","date_gmt":"2020-06-30T09:22:33","guid":{"rendered":"https:\/\/evotek.md\/?post_type=product&#038;p=13142"},"modified":"2020-06-30T09:22:33","modified_gmt":"2020-06-30T09:22:33","slug":"lava-grill-pe-gaz-emp-6lg030","status":"publish","type":"product","link":"https:\/\/evotek.md\/ro\/produse\/echipamente-termice\/grill-lava-2-2\/lava-grill-pe-gaz-emp-6lg030\/","title":{"rendered":"LAVA GRILL PE GAZ -EMP.6LG030"},"content":{"rendered":"<p><strong>LAVA GRILL PE GAZ <\/strong><strong>-EMP.6LG030<\/strong><strong>&#8211;<\/strong> Grill pe gaz cu instala\u021bie pe suprafa\u021ba, pentru uz profesional. Caracteristici: Capacitatea de a lucra cu Lpg \u0219i Ng; Supap\u0103 de siguran\u021b\u0103 magnetic\u0103 \u0219i macarale pilot; \u00cenc\u0103lzire \u00een dou\u0103 zone \u00een module complete; Control piezo mai u\u0219or pentru fiecare arz\u0103tor; Camer\u0103 de colectare a uleiului amovibil; U\u0219or de cur\u0103\u021bat \u0219i igienic; Carcas\u0103 din inox.<\/p>\n<p>Caracteristici<\/p>\n<p>Dimensiuni: 900\u0445635\u0445285 cm<\/p>\n<p>Greutate: 120 kg<\/p>\n<p>Net: 0.24 m3<\/p>\n<p>Putere: 19.38 kW<\/p>\n<p>Consumul de gaz ng: 2.04 m3 \/ h<\/p>\n<p>Consumul de GPL: 1.29 kg \/ h<\/p>\n<p>&nbsp;<\/p>\n","protected":false},"excerpt":{"rendered":"<p>Lava grill pe gaz \u00eencorporat. Dimensiuni: 900\u0445635\u0445285 cm; Greutate: 120 kg; Net: 0.24 m3; Putere: 19.38 kW; Consumul de gaz ng: 2.04 m3 \/ h; Debit de GPL: 1.29 kg \/ h.<\/p>\n","protected":false},"featured_media":13141,"template":"","meta":[],"_links":{"self":[{"href":"https:\/\/evotek.md\/ro\/wp-json\/wp\/v2\/product\/13142"}],"collection":[{"href":"https:\/\/evotek.md\/ro\/wp-json\/wp\/v2\/product"}],"about":[{"href":"https:\/\/evotek.md\/ro\/wp-json\/wp\/v2\/types\/product"}],"wp:featuredmedia":[{"embeddable":true,"href":"https:\/\/evotek.md\/ro\/wp-json\/wp\/v2\/media\/13141"}],"wp:attachment":[{"href":"https:\/\/evotek.md\/ro\/wp-json\/wp\/v2\/media?parent=13142"}],"curies":[{"name":"wp","href":"https:\/\/api.w.org\/{rel}","templated":true}]}}