{"id":13131,"date":"2020-06-30T09:02:13","date_gmt":"2020-06-30T09:02:13","guid":{"rendered":"https:\/\/evotek.md\/?post_type=product&#038;p=13131"},"modified":"2020-06-30T09:02:13","modified_gmt":"2020-06-30T09:02:13","slug":"lava-grill-pe-gaz-emp-6lg010","status":"publish","type":"product","link":"https:\/\/evotek.md\/ro\/produse\/echipamente-termice\/grill-lava-2-2\/lava-grill-pe-gaz-emp-6lg010\/","title":{"rendered":"LAVA GRILL PE GAZ -EMP.6LG010"},"content":{"rendered":"<p><strong>LAVA GRILL PE GAZ <\/strong><strong>-EMP.6LG010<\/strong><strong>&#8211;<\/strong> Grill pe gaz cu instala\u021bie pe suprafa\u021ba, pentru uz profesional. Caracteristici: GPL sau NG; Supape de siguran\u021b\u0103 cu magnet; Dou\u0103 zone de \u00eenc\u0103lzire separate; Sistem de aprindere piezoelectric\u0103 pentru fiecare modul; Cutie de colectare a gr\u0103similor amovibile; U\u0219or de cur\u0103\u021bat \u0219i igienic; Carcas\u0103 din inox.<\/p>\n<p>Caracteristici<\/p>\n<p>Dimensiuni: 400x635x285 cm<\/p>\n<p>Greutate: 46 kg<\/p>\n<p>Net: 0,11 m3<\/p>\n<p>Putere: 6,46 kW<\/p>\n<p>Consumul de gaz ng: 0,68 m3 \/ h<\/p>\n<p>Consumul de GPL: 0,43 kg \/ h<\/p>\n<p>&nbsp;<\/p>\n","protected":false},"excerpt":{"rendered":"<p>Lava grill pe gaz \u00eencorporat. Dimensiuni: 400x635x285 cm; Greutate: 46 kg; Net: 0,11 m3; Putere: 6,46 kW; Consumul de gaz ng: 0,68 m3 \/ h; Debit de GPL: 0,43 kg \/ h.<\/p>\n","protected":false},"featured_media":13130,"template":"","meta":[],"_links":{"self":[{"href":"https:\/\/evotek.md\/ro\/wp-json\/wp\/v2\/product\/13131"}],"collection":[{"href":"https:\/\/evotek.md\/ro\/wp-json\/wp\/v2\/product"}],"about":[{"href":"https:\/\/evotek.md\/ro\/wp-json\/wp\/v2\/types\/product"}],"wp:featuredmedia":[{"embeddable":true,"href":"https:\/\/evotek.md\/ro\/wp-json\/wp\/v2\/media\/13130"}],"wp:attachment":[{"href":"https:\/\/evotek.md\/ro\/wp-json\/wp\/v2\/media?parent=13131"}],"curies":[{"name":"wp","href":"https:\/\/api.w.org\/{rel}","templated":true}]}}