{"id":13108,"date":"2020-06-30T08:02:29","date_gmt":"2020-06-30T08:03:40","guid":{"rendered":"https:\/\/evotek.md\/?post_type=product&#038;p=13108"},"modified":"2023-02-13T13:22:48","modified_gmt":"2023-02-13T13:22:48","slug":"suprafete-de-prajit-electrice-emp-6ie010","status":"publish","type":"product","link":"https:\/\/evotek.md\/ro\/produse\/echipamente-pentru-fast-food\/suprafete-de-prajire-2-oborudovanie-dlia-fast-food\/suprafete-de-prajit-electrice-emp-6ie010\/","title":{"rendered":"SUPRAFATA DE PRAJIT ELECTRICA, NETEDA -EMP.6IE010"},"content":{"rendered":"<p><strong>SUPRAFATA DE PRAJIT ELECTRICA, NETEDA -EMP.6IE010- <\/strong>Folosit \u00een alimenta\u021bia public\u0103. Facilit\u0103\u021bi: Control termostatic; Pe o plac\u0103 plat\u0103 exist\u0103 dou\u0103 zone pentru \u00eenc\u0103lzire; Recipient demontabil cu ulei; U\u0219or de cur\u0103\u021bat \u0219i igienic; Carcas\u0103 din inox.<\/p>\n<p>Caracteristici<\/p>\n<p>Parametri: 400x635x285 mm<br \/>\nGreutate: 45 kg<br \/>\nPutere: 3,6 kw<\/p>\n","protected":false},"excerpt":{"rendered":"<p>Suprafa\u021b\u0103 de pr\u0103jit. Parametri: 400x635x285 mm; Greutate: 45 kg; Putere: 3,6 kw.<\/p>\n","protected":false},"featured_media":13106,"template":"","meta":[],"_links":{"self":[{"href":"https:\/\/evotek.md\/ro\/wp-json\/wp\/v2\/product\/13108"}],"collection":[{"href":"https:\/\/evotek.md\/ro\/wp-json\/wp\/v2\/product"}],"about":[{"href":"https:\/\/evotek.md\/ro\/wp-json\/wp\/v2\/types\/product"}],"wp:featuredmedia":[{"embeddable":true,"href":"https:\/\/evotek.md\/ro\/wp-json\/wp\/v2\/media\/13106"}],"wp:attachment":[{"href":"https:\/\/evotek.md\/ro\/wp-json\/wp\/v2\/media?parent=13108"}],"curies":[{"name":"wp","href":"https:\/\/api.w.org\/{rel}","templated":true}]}}