{"id":1309,"date":"2020-02-06T08:21:04","date_gmt":"2020-02-06T08:22:57","guid":{"rendered":"https:\/\/evotek.md\/?post_type=product&#038;p=1309"},"modified":"2023-01-18T14:34:52","modified_gmt":"2023-01-18T14:34:52","slug":"plita-cu-inductie-hkn-icf70d","status":"publish","type":"product","link":"https:\/\/evotek.md\/ro\/produse\/echipamente-termice\/plite-cu-inductie\/plita-cu-inductie-hkn-icf70d\/","title":{"rendered":"PLITA CU INDUCTIE 2 ARZATOARE -HKN-ICF70D"},"content":{"rendered":"<p><strong>PLITA CU INDUCTIE 2 ARZATOARE -HKN-ICF70D- <\/strong>Plitele de mas\u0103 cu induc\u021bie sunt o alternativ\u0103 la cele clasice, electrice \u0219i pe gaz, permi\u021b\u00e2nd reducerea semnificativ\u0103 a consumului de energie \u0219i pot \u00eembun\u0103t\u0103\u021bi microclimatul din \u00eenc\u0103perea unde este instalat\u0103.<\/p>\n<p>Plitele cu induc\u021bie sunt potrivite nu numai pentru buc\u0103t\u0103riile standard, ci \u0219i pentru cele de alimenta\u021bie public\u0103, prezent\u0103ri, precum \u0219i pentru echiparea buc\u0103t\u0103riilor cu o suprafa\u021b\u0103 limitat\u0103.<\/p>\n<p>Materialul carcasei: o\u021bel inoxidabil; Cronometru electronic de p\u00e2n\u0103 la 120 min; Dou\u0103 zone de \u00eenc\u0103lzire; 13 niveluri de putere de \u00eenc\u0103lzire (400-3500 W); Stare de temperatur\u0103 60-280 \u00b0 \u0421; Protec\u021bie la supra\u00eenc\u0103lzire; Panou de control: buton \u0219i joystick.<\/p>\n<p>Culoarea produsului poate s\u0103 difere de cea prezentat\u0103 pe site.<\/p>\n<p>Caracteristici<\/p>\n<p>Putere: 7 (3,5 + 3,5) kW<\/p>\n<p>Tensiune: 220 V<\/p>\n<p>Dimensiuni generale: 660x396x110 mm<\/p>\n<p>Greutate: 9,9 kg<\/p>\n<p>Tipul suprafe\u021bei de lucru: plat<\/p>\n<p>Tipul de control: Digital cu joystick<\/p>\n","protected":false},"excerpt":{"rendered":"<p>Plit\u0103 de mas\u0103 cu induc\u021bie. Dimensiuni generale: 660x396x110 mm; Putere: 7 (3,5 + 3,5) kW; Tensiune: 220 V; Greutate: 9,9 kg; Tipul suprafe\u021bei de lucru: plat; Tipul de control: Digital cu joystick.<\/p>\n","protected":false},"featured_media":1308,"template":"","meta":[],"_links":{"self":[{"href":"https:\/\/evotek.md\/ro\/wp-json\/wp\/v2\/product\/1309"}],"collection":[{"href":"https:\/\/evotek.md\/ro\/wp-json\/wp\/v2\/product"}],"about":[{"href":"https:\/\/evotek.md\/ro\/wp-json\/wp\/v2\/types\/product"}],"wp:featuredmedia":[{"embeddable":true,"href":"https:\/\/evotek.md\/ro\/wp-json\/wp\/v2\/media\/1308"}],"wp:attachment":[{"href":"https:\/\/evotek.md\/ro\/wp-json\/wp\/v2\/media?parent=1309"}],"curies":[{"name":"wp","href":"https:\/\/api.w.org\/{rel}","templated":true}]}}