{"id":13073,"date":"2020-06-29T14:22:15","date_gmt":"2020-06-29T14:22:15","guid":{"rendered":"https:\/\/evotek.md\/?post_type=product&#038;p=13073"},"modified":"2020-06-29T14:22:15","modified_gmt":"2020-06-29T14:22:15","slug":"grill-electric-emp-6le030","status":"publish","type":"product","link":"https:\/\/evotek.md\/ro\/produse\/echipamente-termice\/grill-lava-2-2\/grill-electric-emp-6le030\/","title":{"rendered":"GRILL ELECTRIC -EMP.6LE030"},"content":{"rendered":"<p><strong>GRILL ELECTRIC<\/strong> <strong>-EMP.6LE030- \u00a0<\/strong>Folosit \u00een buc\u0103t\u0103riile profesionale. Caracteristici: G\u0103tit mai eficient datorit\u0103 evaporatorului; Cur\u0103\u021bare u\u0219oar\u0103 datorit\u0103 rezisten\u021belor u\u0219or de demontat; Capacitatea de a g\u0103ti cu mai pu\u021bin\u0103 energie \u00een mai pu\u021bin timp; U\u0219or de cur\u0103\u021bat \u0219i igienic; Carcas\u0103 din inox.<\/p>\n<p>Caracteristici<\/p>\n<p>Dimensiuni: 800x600x290 mm<\/p>\n<p>Greutate: 85 kg<\/p>\n<p>Net: 0.24 m3<\/p>\n<p>Putere: 8.75 kW<\/p>\n<p>&nbsp;<\/p>\n","protected":false},"excerpt":{"rendered":"<p>Grill electric. Dimensiuni: 800x600x290 mm; Greutate: 85 kg; Net: 0.24 m3; Putere: 8.75 kW.<\/p>\n","protected":false},"featured_media":13072,"template":"","meta":[],"_links":{"self":[{"href":"https:\/\/evotek.md\/ro\/wp-json\/wp\/v2\/product\/13073"}],"collection":[{"href":"https:\/\/evotek.md\/ro\/wp-json\/wp\/v2\/product"}],"about":[{"href":"https:\/\/evotek.md\/ro\/wp-json\/wp\/v2\/types\/product"}],"wp:featuredmedia":[{"embeddable":true,"href":"https:\/\/evotek.md\/ro\/wp-json\/wp\/v2\/media\/13072"}],"wp:attachment":[{"href":"https:\/\/evotek.md\/ro\/wp-json\/wp\/v2\/media?parent=13073"}],"curies":[{"name":"wp","href":"https:\/\/api.w.org\/{rel}","templated":true}]}}