{"id":13067,"date":"2020-06-29T14:08:50","date_gmt":"2020-06-29T14:08:50","guid":{"rendered":"https:\/\/evotek.md\/?post_type=product&#038;p=13067"},"modified":"2020-06-29T14:08:50","modified_gmt":"2020-06-29T14:08:50","slug":"grill-electric-emp-6le020","status":"publish","type":"product","link":"https:\/\/evotek.md\/ro\/produse\/echipamente-termice\/grill-lava-2-2\/grill-electric-emp-6le020\/","title":{"rendered":"GRILL ELECTRIC -EMP.6LE020"},"content":{"rendered":"<p><strong>GRILL ELECTRIC<\/strong> <strong>-EMP.6LE020- \u00a0<\/strong>Folosit \u00een buc\u0103t\u0103riile profesionale. Caracteristici: G\u0103tit mai eficient datorit\u0103 evaporatorului; Cur\u0103\u021bare u\u0219oar\u0103 datorit\u0103 rezisten\u021belor u\u0219or de demontat; Capacitatea de a g\u0103ti cu mai pu\u021bin\u0103 energie \u00een mai pu\u021bin timp; U\u0219or de cur\u0103\u021bat \u0219i igienic; Carcas\u0103 din inox.<\/p>\n<p>Caracteristici<\/p>\n<p>Dimensiuni: 600x600x290 mm<\/p>\n<p>Greutate: 60 kg<\/p>\n<p>Net: 0.17 m3<\/p>\n<p>Putere: 6.25 kW<\/p>\n<p>&nbsp;<\/p>\n","protected":false},"excerpt":{"rendered":"<p>Grill electric. Dimensiuni: 600x600x290 mm; Greutate: 60 kg; Net: 0.17 m3; Putere: 6.25 kW.<\/p>\n","protected":false},"featured_media":13066,"template":"","meta":[],"_links":{"self":[{"href":"https:\/\/evotek.md\/ro\/wp-json\/wp\/v2\/product\/13067"}],"collection":[{"href":"https:\/\/evotek.md\/ro\/wp-json\/wp\/v2\/product"}],"about":[{"href":"https:\/\/evotek.md\/ro\/wp-json\/wp\/v2\/types\/product"}],"wp:featuredmedia":[{"embeddable":true,"href":"https:\/\/evotek.md\/ro\/wp-json\/wp\/v2\/media\/13066"}],"wp:attachment":[{"href":"https:\/\/evotek.md\/ro\/wp-json\/wp\/v2\/media?parent=13067"}],"curies":[{"name":"wp","href":"https:\/\/api.w.org\/{rel}","templated":true}]}}