{"id":1304,"date":"2020-02-06T08:17:56","date_gmt":"2020-02-06T08:19:20","guid":{"rendered":"https:\/\/evotek.md\/?post_type=product&#038;p=1304"},"modified":"2023-01-18T14:36:44","modified_gmt":"2023-01-18T14:36:44","slug":"plita-cu-inductie-hkn-icw35m-wok-2","status":"publish","type":"product","link":"https:\/\/evotek.md\/ro\/produse\/echipamente-termice\/plite-cu-inductie\/plita-cu-inductie-hkn-icw35m-wok-2\/","title":{"rendered":"PLITA CU INDUCTIE WOK 1 ARZATOR -HKN-ICW50D WOK"},"content":{"rendered":"<p><strong>PLITA CU INDUCTIE WOK 1 ARZATOR &#8211; HKN-ICW50D WOK &#8211; <\/strong>Plitele de mas\u0103 cu induc\u021bie sunt o alternativ\u0103 la cele clasice, electrice \u0219i pe gaz, permi\u021b\u00e2nd reducerea semnificativ\u0103 a consumului de energie \u0219i pot \u00eembun\u0103t\u0103\u021bi microclimatul din \u00eenc\u0103perea unde este instalat\u0103.<\/p>\n<p>Plitele cu induc\u021bie sunt potrivite nu numai pentru buc\u0103t\u0103riile standard, ci \u0219i pentru cele de alimenta\u021bie public\u0103, prezent\u0103ri, precum \u0219i pentru echiparea buc\u0103t\u0103riilor cu o suprafa\u021b\u0103 limitat\u0103.<\/p>\n<p>Sticla are diametru de 311mm, adancime 65mm, grosime 4 mm. Materialul carcasei: o\u021bel inoxidabil; O zon\u0103 de \u00eenc\u0103lzire; 5 niveluri de putere de \u00eenc\u0103lzire; Protec\u021bie la supra\u00eenc\u0103lzire; Panou de control: joystick.<\/p>\n<p>Culoarea produsului poate s\u0103 difere de cea prezentat\u0103 pe site.<\/p>\n<p>Caracteristici<\/p>\n<p>Putere: 5 kW<\/p>\n<p>Tensiune: 220 V<\/p>\n<p>Dimensiuni generale: 500x410x200 mm<\/p>\n<p>Greutate: 8 kg<\/p>\n<p>Tipul suprafe\u021bei de lucru: WOK<\/p>\n<p>Tipul de control: digital cu joystick<\/p>\n","protected":false},"excerpt":{"rendered":"<p>Plit\u0103 de mas\u0103 cu induc\u021bie: Dimensiuni generale: 500x410x200 mm; Putere: 5 kW; Tensiune: 220 V;\u00a0Greutate: 8 kg; Tipul suprafe\u021bei de lucru: WOK; Tipul de control: digital cu joystick.<\/p>\n","protected":false},"featured_media":1303,"template":"","meta":[],"_links":{"self":[{"href":"https:\/\/evotek.md\/ro\/wp-json\/wp\/v2\/product\/1304"}],"collection":[{"href":"https:\/\/evotek.md\/ro\/wp-json\/wp\/v2\/product"}],"about":[{"href":"https:\/\/evotek.md\/ro\/wp-json\/wp\/v2\/types\/product"}],"wp:featuredmedia":[{"embeddable":true,"href":"https:\/\/evotek.md\/ro\/wp-json\/wp\/v2\/media\/1303"}],"wp:attachment":[{"href":"https:\/\/evotek.md\/ro\/wp-json\/wp\/v2\/media?parent=1304"}],"curies":[{"name":"wp","href":"https:\/\/api.w.org\/{rel}","templated":true}]}}