{"id":13039,"date":"2020-06-29T11:16:19","date_gmt":"2020-06-29T11:16:19","guid":{"rendered":"https:\/\/evotek.md\/?post_type=product&#038;p=13039"},"modified":"2020-06-29T11:18:19","modified_gmt":"2020-06-29T11:18:19","slug":"cuptor-pentru-cartofi-pe-gaz-emp-kfe-030","status":"publish","type":"product","link":"https:\/\/evotek.md\/ro\/produse\/echipamente-termice\/cuptoare-de-copt-cartofi\/cuptor-pentru-cartofi-pe-gaz-emp-kfe-030\/","title":{"rendered":"CUPTOR PENTRU CARTOFI PE GAZ -EMP.KFG.020-"},"content":{"rendered":"<p><strong>CUPTOR PENTRU CARTOFI PE GAZ -EMP.KFG.020-<\/strong> Cuptorul pe gaz este recomandat pentru industria profesional\u0103. Designul elegant al cuptorului face ca acest model s\u0103 fie armonios \u00een interiorul oric\u0103rei buc\u0103t\u0103rii. Cuptorul poate func\u021biona cu GPL sau gaze naturale. Cuptorul are un sistem de aprindere piezoelectric\u0103 \u0219i o supap\u0103 de siguran\u021b\u0103. Fiecare cutie are un arz\u0103tor separat, care contribuie la g\u0103tirea uniform\u0103 a cartofilor. Pe dou\u0103 niveluri ale cuptorului se pot pune 24-30 de cartofi pentru g\u0103tit simultan. Sertarele sunt din inox \u0219i sunt disponibile pentru cur\u0103\u021bare. Suprafe\u021bele carcasei sunt realizate cu o dubl\u0103 izola\u021bie, ceea ce previne pierderea de c\u0103ldur\u0103 \u0219i economisirea resurselor.<\/p>\n<p>Caracteristici<\/p>\n<p>Nivele: 3<\/p>\n<p>Dimensiune: 500x700x980 mm<\/p>\n<p>Putere: 4.9 kW<\/p>\n<p>Tensiunea de alimentare: 380 V<\/p>\n<p>Panou de control: mecanic<\/p>\n<p>Greutate: 55 kg<\/p>\n<p>&nbsp;<\/p>\n","protected":false},"excerpt":{"rendered":"<p>Cuptor pe gaz pentru cartofi cu 3 nivele. Dimensiune: 500x700x980 mm; Putere: 4.9 kW; Tensiunea de alimentare: 380 V; Panou de control: mecanic; Greutate: 55 kg.<\/p>\n","protected":false},"featured_media":13029,"template":"","meta":[],"_links":{"self":[{"href":"https:\/\/evotek.md\/ro\/wp-json\/wp\/v2\/product\/13039"}],"collection":[{"href":"https:\/\/evotek.md\/ro\/wp-json\/wp\/v2\/product"}],"about":[{"href":"https:\/\/evotek.md\/ro\/wp-json\/wp\/v2\/types\/product"}],"wp:featuredmedia":[{"embeddable":true,"href":"https:\/\/evotek.md\/ro\/wp-json\/wp\/v2\/media\/13029"}],"wp:attachment":[{"href":"https:\/\/evotek.md\/ro\/wp-json\/wp\/v2\/media?parent=13039"}],"curies":[{"name":"wp","href":"https:\/\/api.w.org\/{rel}","templated":true}]}}