{"id":13031,"date":"2020-06-29T10:48:44","date_gmt":"2020-06-29T10:48:44","guid":{"rendered":"https:\/\/evotek.md\/?post_type=product&#038;p=13031"},"modified":"2020-06-29T10:48:45","modified_gmt":"2020-06-29T10:48:45","slug":"cuptor-pentru-cartofi-electric-emp-kfe-020","status":"publish","type":"product","link":"https:\/\/evotek.md\/ro\/produse\/echipamente-termice\/cuptoare-de-copt-cartofi\/cuptor-pentru-cartofi-electric-emp-kfe-020\/","title":{"rendered":"CUPTOR PENTRU CARTOFI ELECTRIC -EMP.KFE.020"},"content":{"rendered":"<p><strong>CUPTOR PENTRU CARTOFI ELECTRIC -EMP.KFE.020-<\/strong> Cuptorul electric pentru buc\u0103t\u0103riile profesionale are un design modern care se poate combina armonios cu alte echipamente. Cuptorul este folosit pentru coacerea cartofilor \u0219i a diverselor feluri de m\u00e2ncare. G\u0103titul se face folosind elemente de \u00eenc\u0103lzire electric\u0103. Elementul de \u00eenc\u0103lzire pentru fiecare sertar este separat. Modelul are dou\u0103 sertare din inox. Panoul de control este situat pe suprafa\u021ba frontal\u0103. Are buton de pornire \u0219i termostat controlat. Izola\u021bia carcasei este dubl\u0103, acest lucru reduce semnificativ consumul de energie \u0219i reduce \u00eenc\u0103lzirea \u00eenc\u0103perii. Aproximativ 24-30 de cartofi se pun \u00een acela\u0219i timp.<\/p>\n<p>Caracteristici<\/p>\n<p>Nivele: 2<\/p>\n<p>Dimensiune: 500x700x750 mm<\/p>\n<p>Putere: 3 kW<\/p>\n<p>Tensiunea de alimentare: 380 V<\/p>\n<p>Panou de control: mecanic<\/p>\n<p>Greutate: 45 kg<\/p>\n<p>&nbsp;<\/p>\n","protected":false},"excerpt":{"rendered":"<p>Cuptor electric pentru cartofi cu 2 nivele. Dimensiune: 500x700x750 mm; Putere: 3 kW; Tensiunea de alimentare: 380 V; Panou de control: mecanic; Greutate: 45 kg.<\/p>\n","protected":false},"featured_media":13029,"template":"","meta":[],"_links":{"self":[{"href":"https:\/\/evotek.md\/ro\/wp-json\/wp\/v2\/product\/13031"}],"collection":[{"href":"https:\/\/evotek.md\/ro\/wp-json\/wp\/v2\/product"}],"about":[{"href":"https:\/\/evotek.md\/ro\/wp-json\/wp\/v2\/types\/product"}],"wp:featuredmedia":[{"embeddable":true,"href":"https:\/\/evotek.md\/ro\/wp-json\/wp\/v2\/media\/13029"}],"wp:attachment":[{"href":"https:\/\/evotek.md\/ro\/wp-json\/wp\/v2\/media?parent=13031"}],"curies":[{"name":"wp","href":"https:\/\/api.w.org\/{rel}","templated":true}]}}