{"id":13013,"date":"2020-06-29T10:03:50","date_gmt":"2020-06-29T10:03:50","guid":{"rendered":"https:\/\/evotek.md\/?post_type=product&#038;p=13013"},"modified":"2020-06-29T10:03:50","modified_gmt":"2020-06-29T10:03:50","slug":"unitate-de-incalzire-cu-sertar-emp-ei-01","status":"publish","type":"product","link":"https:\/\/evotek.md\/ro\/produse\/echipamente-termice\/unitate-de-incalzire-cu-sertar\/unitate-de-incalzire-cu-sertar-emp-ei-01\/","title":{"rendered":"UNITATE DE \u00ceNC\u0102LZIRE CU SERTAR -EMP.EI.01"},"content":{"rendered":"<p><strong>UNITATE DE \u00ceNC\u0102LZIRE CU SERTAR -EMP.EI.01- <\/strong>Sunt utilizate \u00een unit\u0103\u021bile de alimenta\u021bie public\u0103, pentru buc\u0103t\u0103riile profesionale. U\u0219or de utilizat \u0219i practic.<\/p>\n<p>Caracteristici<\/p>\n<p>Tensiune: 220 V<\/p>\n<p>Control termostatic<\/p>\n<p>Tip izola\u021bie: Densitate 40 kg \/ m3<\/p>\n<p>Izola\u021bie poliuretanic\u0103<\/p>\n<p>Carcas\u0103 din inox<\/p>\n<p>Capacitate 1\/1 GN<\/p>\n<p>Dimensiuni: 715x568x248 mm<\/p>\n<p>Greutate: 40 kg<\/p>\n<p>&nbsp;<\/p>\n","protected":false},"excerpt":{"rendered":"<p>Unitate de \u00eenc\u0103lzire cu sertar. Tensiune de operare: 220 V; Control termostatic; Tip de izola\u021bie: densitate 40 kg \/ m3; Izolatie poliuretanica; Carcas\u0103 din inox; Capacitate 1\/1 GN; Dimensiuni: 715x568x248 mm; Greutate: 40 kg.<\/p>\n","protected":false},"featured_media":13012,"template":"","meta":[],"_links":{"self":[{"href":"https:\/\/evotek.md\/ro\/wp-json\/wp\/v2\/product\/13013"}],"collection":[{"href":"https:\/\/evotek.md\/ro\/wp-json\/wp\/v2\/product"}],"about":[{"href":"https:\/\/evotek.md\/ro\/wp-json\/wp\/v2\/types\/product"}],"wp:featuredmedia":[{"embeddable":true,"href":"https:\/\/evotek.md\/ro\/wp-json\/wp\/v2\/media\/13012"}],"wp:attachment":[{"href":"https:\/\/evotek.md\/ro\/wp-json\/wp\/v2\/media?parent=13013"}],"curies":[{"name":"wp","href":"https:\/\/api.w.org\/{rel}","templated":true}]}}