{"id":13002,"date":"2020-06-29T09:22:06","date_gmt":"2020-06-29T09:22:06","guid":{"rendered":"https:\/\/evotek.md\/?post_type=product&#038;p=13002"},"modified":"2020-06-29T09:22:06","modified_gmt":"2020-06-29T09:22:06","slug":"carucior-rece-pentru-banchet-emp-bq2-s","status":"publish","type":"product","link":"https:\/\/evotek.md\/ro\/produse\/utilaje-pentru-catering\/carucioare-pentru-banchet-reci\/carucior-rece-pentru-banchet-emp-bq2-s\/","title":{"rendered":"C\u0102RUCIOR RECE PENTRU BANCHET -EMP.BQ2-S"},"content":{"rendered":"<p><strong>C\u0102RUCIOR RECE PENTRU BANCHET -EMP.BQ2-S- <\/strong>Dulapul de r\u0103cire pentru banchet este conceput pentru depozitarea \u0219i p\u0103strarea la rece a bucatelor gata preparate \u00een containerele gastronomice la facilit\u0103\u021bile de catering \u0219i banchet. Caracteristici: termostat digital; Indicator de c\u0103ldur\u0103 intern\u0103; Sistem de umidificare; Raft deta\u0219abil pentru cur\u0103\u021bare u\u0219oar\u0103; \u00cencuietoare magnetic\u0103; Ro\u021bi fixe; Densitatea izol\u0103rii poliuretanice: 40 kg \/ m3; Suporturi de t\u0103vi presate; Carcas\u0103 din inox; Freon R134a.<\/p>\n<p>Caraceristici<\/p>\n<p>Num\u0103r de nivele: 22<\/p>\n<p>Num\u0103r camere: 1<\/p>\n<p>Tip de recipiente gastronomice: 2\/1 GN<\/p>\n<p>Distan\u021ba dintre nivele: 60 mm<\/p>\n<p>Mod: +0 &#8230; + 5 \u00b0 C<\/p>\n<p>Putere: 0,7 kW<\/p>\n<p>Tensiune: 220 V<\/p>\n<p>Greutate: 240 kg<\/p>\n<p>Parametri: 183x136x88,5 cm<\/p>\n<p>&nbsp;<\/p>\n","protected":false},"excerpt":{"rendered":"<p>C\u0103rucior rece pentru banchet cu 22 de nivele. Num\u0103r de camere: 1; Tip de recipiente gastronomice: 2\/1 GN; Distan\u021ba dintre nivele: 60 mm; Mod: +0 &#8230; + 5 \u00b0 C; Putere: 0,7 kW; Tensiune: 220 V; Greutate: 240 kg; Parametri: 183x136x88,5 cm.<\/p>\n","protected":false},"featured_media":13001,"template":"","meta":[],"_links":{"self":[{"href":"https:\/\/evotek.md\/ro\/wp-json\/wp\/v2\/product\/13002"}],"collection":[{"href":"https:\/\/evotek.md\/ro\/wp-json\/wp\/v2\/product"}],"about":[{"href":"https:\/\/evotek.md\/ro\/wp-json\/wp\/v2\/types\/product"}],"wp:featuredmedia":[{"embeddable":true,"href":"https:\/\/evotek.md\/ro\/wp-json\/wp\/v2\/media\/13001"}],"wp:attachment":[{"href":"https:\/\/evotek.md\/ro\/wp-json\/wp\/v2\/media?parent=13002"}],"curies":[{"name":"wp","href":"https:\/\/api.w.org\/{rel}","templated":true}]}}