{"id":1299,"date":"2020-02-06T08:13:54","date_gmt":"2020-02-06T08:15:19","guid":{"rendered":"https:\/\/evotek.md\/?post_type=product&#038;p=1299"},"modified":"2023-01-18T14:36:10","modified_gmt":"2023-01-18T14:36:10","slug":"plita-cu-inductie-hkn-icw35m-wok","status":"publish","type":"product","link":"https:\/\/evotek.md\/ro\/produse\/echipamente-termice\/plite-cu-inductie\/plita-cu-inductie-hkn-icw35m-wok\/","title":{"rendered":"PLITA CU INDUCTIE WOK 1 ARZATOR -HKN-ICW35M WOK"},"content":{"rendered":"<p><strong>PLITA CU INDUCTIE WOK 1 ARZATOR -HKN-ICW35M WOK- <\/strong>Plitele de mas\u0103 cu induc\u021bie sunt o alternativ\u0103 la cele clasice, electrice \u0219i pe gaz, permi\u021b\u00e2nd reducerea semnificativ\u0103 a consumului de energie \u0219i pot \u00eembun\u0103t\u0103\u021bi microclimatul din \u00eenc\u0103perea unde este instalat\u0103.<\/p>\n<p>Plitele cu induc\u021bie sunt potrivite nu numai pentru buc\u0103t\u0103riile standard, ci \u0219i pentru cele de alimenta\u021bie public\u0103, prezent\u0103ri, precum \u0219i pentru echiparea buc\u0103t\u0103riilor cu o suprafa\u021b\u0103 limitat\u0103.\u00a0 Sticla are diametru de 280mm, adancime 42mm, grosime 4mm.<\/p>\n<p>Materialul carcasei: o\u021bel inoxidabil; Cronometru electronic de p\u00e2n\u0103 la 120 min; O zon\u0103 de \u00eenc\u0103lzire; 13 niveluri de putere de \u00eenc\u0103lzire (400-3500 W); Stare de temperatur\u0103 60-280 \u00b0 \u0421; Protec\u021bie la supra\u00eenc\u0103lzire; Panou de control: butoane.<\/p>\n<p>Culoarea produsului poate s\u0103 difere de cea prezentat\u0103 pe site.<\/p>\n<p>Caracteristici<\/p>\n<p>Putere: 3,5 kW<\/p>\n<p>Tensiune: 220 V<\/p>\n<p>Dimensiuni generale: 350x450x200 mm<\/p>\n<p>Greutate: 5,7 kg<\/p>\n<p>Tipul suprafe\u021bei de lucru: WOK<\/p>\n<p>Tipul de control: mechanic<\/p>\n","protected":false},"excerpt":{"rendered":"<p>Plit\u0103 de mas\u0103 cu induc\u021bie: Dimensiuni generale: 350x450x200 mm; Putere: 3,5 kW;\u00a0Tensiune: 220 V; Greutate: 5,7 kg; Tipul suprafe\u021bei de lucru: WOK; Tipul de control: mechanic.<\/p>\n","protected":false},"featured_media":29814,"template":"","meta":[],"_links":{"self":[{"href":"https:\/\/evotek.md\/ro\/wp-json\/wp\/v2\/product\/1299"}],"collection":[{"href":"https:\/\/evotek.md\/ro\/wp-json\/wp\/v2\/product"}],"about":[{"href":"https:\/\/evotek.md\/ro\/wp-json\/wp\/v2\/types\/product"}],"wp:featuredmedia":[{"embeddable":true,"href":"https:\/\/evotek.md\/ro\/wp-json\/wp\/v2\/media\/29814"}],"wp:attachment":[{"href":"https:\/\/evotek.md\/ro\/wp-json\/wp\/v2\/media?parent=1299"}],"curies":[{"name":"wp","href":"https:\/\/api.w.org\/{rel}","templated":true}]}}