{"id":12979,"date":"2020-06-29T08:03:57","date_gmt":"2020-06-29T08:09:53","guid":{"rendered":"https:\/\/evotek.md\/?post_type=product&#038;p=12979"},"modified":"2022-03-18T15:03:54","modified_gmt":"2022-03-18T15:03:54","slug":"carucior-fierbinte-pentru-banchet-emp-bq1","status":"publish","type":"product","link":"https:\/\/evotek.md\/ro\/produse\/utilaje-pentru-catering\/carucioare-pentru-banchet-fierbinti\/carucior-fierbinte-pentru-banchet-emp-bq1\/","title":{"rendered":"C\u0102RUCIOR FIERBINTE PENTRU BANCHET -EMP.BQ1"},"content":{"rendered":"<p><strong>C\u0102RUCIOR FIERBINTE PENTRU BANCHET -EMP.BQ1- <\/strong>C\u0103ruciorul pentru banchet \u00eenc\u0103lzit este special conceput pentru a sprijini \u0219i servi m\u00e2nc\u0103ruri calde preparate \u00een prealabil. M\u00e2ncarea este p\u0103strat\u0103 \u00eentr-un c\u0103rucior direct pe pl\u0103cile amplasate pe rafturisau \u00eentr-un recipient gastronomic. Pere\u021bi dubli, trolere de banchet izolate cu poliuretan de mediu, purificate din clorofluorocarburi, cu o densitate de 40 kg \/ m3. Izolarea pere\u021bilor ajut\u0103 la reducerea pierderilor de c\u0103ldur\u0103 \u0219i la maximizarea eficien\u021bei energetice. Sistemul de \u00eenc\u0103lzire func\u021bioneaz\u0103 gra\u021bie a dou\u0103 rezisten\u021be electrice care \u00eembun\u0103t\u0103\u021besc alimentarea cu aer a compartimentului \u0219i asigur\u0103 o distribu\u021bie uniform\u0103 a c\u0103ldurii \u00een interiorul compartimentului.<\/p>\n<p>Proiectarea special\u0103 a camerei \u0219i grilelor asigur\u0103 o distribu\u021bie uniform\u0103 \u0219i egal\u0103 a debitului de aer, garant\u00e2nd temperatura corect\u0103 pentru depozitarea vaselor. C\u0103ruciorul este echipat cu o tav\u0103 cu un sistem anti-und\u0103 umplut cu ap\u0103 pentru evaporare pentru a men\u021bine umiditatea necesar\u0103 \u00een camer\u0103, ceea ce evit\u0103 uscarea din vase. termometru extern pentru monitorizarea, controlul \u0219i reglarea temperaturii la nivelul dorit de la 0 \u00b0 la 90 \u00b0 C. Mecanism de blocare automat\u0103 \u00een balamale: c\u00e2nd u\u0219a este deschis\u0103 mai pu\u021bin de 90 \u00b0, se \u00eenchide automat pentru a preveni pierderea de c\u0103ldur\u0103 \u0219i pentru a ob\u021bine economii de energie.<\/p>\n<p>Patru rotile silen\u021bioase cu un diametru de 160 mm, dintre care dou\u0103 sunt echipate cu un sistem de fr\u00e2n\u0103 pentru o operare u\u0219oar\u0103 \u0219i o utilizare sigur\u0103. Banda de cauciuc speciale pe ro\u021bi C\u0103rucioarele de banchet nu las\u0103 urme \u0219i protejeaz\u0103 \u00een mod fiabil ro\u021bile \u00eempotriva impactului direct.<\/p>\n<p>Caracteristici<\/p>\n<p>Nivele: 11<\/p>\n<p>Dimensiunea recipientului gastronomic: GN 2\/1<\/p>\n<p>Distan\u021ba dintre nivele: 60 mm<\/p>\n<p>Interval de temperatur\u0103: 0 p\u00e2n\u0103 la 75 \u00b0 C<\/p>\n<p>Dimensiuni generale: 716\u0445888\u04451835 mm<\/p>\n<p>Putere: 3 kW<\/p>\n<p>Tensiune: 220 V<\/p>\n<p>Greutate: 124 kg<\/p>\n<p>&nbsp;<\/p>\n","protected":false},"excerpt":{"rendered":"<p>C\u0103rucior fierbinte pentru banchet cu 11 nivele. Dimensiunea recipientului gastronomic: GN 2\/1; Distan\u021ba dintre nivele: 60 mm; Interval de temperatur\u0103: 0 p\u00e2n\u0103 la 75 \u00b0 C; Dimensiuni generale: 716\u0445888\u04451835 mm; Putere: 3 kW; Tensiune: 220 V; Greutate: 124 kg.<\/p>\n","protected":false},"featured_media":12978,"template":"","meta":[],"_links":{"self":[{"href":"https:\/\/evotek.md\/ro\/wp-json\/wp\/v2\/product\/12979"}],"collection":[{"href":"https:\/\/evotek.md\/ro\/wp-json\/wp\/v2\/product"}],"about":[{"href":"https:\/\/evotek.md\/ro\/wp-json\/wp\/v2\/types\/product"}],"wp:featuredmedia":[{"embeddable":true,"href":"https:\/\/evotek.md\/ro\/wp-json\/wp\/v2\/media\/12978"}],"wp:attachment":[{"href":"https:\/\/evotek.md\/ro\/wp-json\/wp\/v2\/media?parent=12979"}],"curies":[{"name":"wp","href":"https:\/\/api.w.org\/{rel}","templated":true}]}}