{"id":12973,"date":"2020-06-26T14:09:09","date_gmt":"2020-06-26T14:10:00","guid":{"rendered":"https:\/\/evotek.md\/?post_type=product&#038;p=12973"},"modified":"2023-03-03T14:40:15","modified_gmt":"2023-03-03T14:40:15","slug":"masa-frigorifica-pentru-pizza-cu-suprafata-din-granit-empero","status":"publish","type":"product","link":"https:\/\/evotek.md\/ro\/produse\/echipamente-frigorifice\/masa-frigider-pentru-pizza\/masa-frigorifica-pentru-pizza-cu-suprafata-din-granit-empero\/","title":{"rendered":"MASA FRIGORIFICA CU BLAT DIN GRANIT SI SALADETA, 2 USI, 2 SERTARE, 300 LITRI -EMP.160.80.02"},"content":{"rendered":"<p><strong>MASA FRIGORIFICA CU BLAT DIN GRANIT SI SALADETA, 2 USI, 2 SERTARE, 300 LITRI -EMP.160.80.02-<\/strong> Masa frigorific\u0103 cu blaturi din granit este conceput\u0103 pentru depozitarea alimentelor \u0219i prepararea bucatelor pentru buc\u0103t\u0103rii profesionale. Facilit\u0103\u021bi: Capacitate pentru 2 u\u0219i: 7 buc\u0103\u021bi 1\/4-100 recipient gastronomic; Capacitate pentru 3 u\u0219i: 9 buc\u0103\u021bi de 1 \/ 4-100 recipient gastronomic; Capacitatea grilei t\u0103vii: 4 buc. 400&#215;600 mm fiecare; Capacitate sertar: 2 buc. 400&#215;600 mm; Temperatura de lucru; + 0\u00baC, + 5\u00baC (la temperatura ambiant\u0103 de 43\u00baC); 220 V-230 V -1 + H -50 putere electric\u0103 60 Hz; &#8220;CFC Free&#8221;, R-134 Un gaz refrigerant; Densitate 40 kg \/ m3; Control electronic \u0219i indicarea temperaturii \u0219i a dezghe\u021bului; Evaporarea automat\u0103 a apei \u00een timpul dezghe\u021b\u0103rii; Compresor deta\u0219abil, cu aer condi\u021bionat; Blatul de preparare a ventilatorului de r\u0103cire \u0219i bara de salate de blat cu r\u0103cire static; Izola\u021bie poliuretanic\u0103 \u201esigur\u0103 la ozon\u201d cu o grosime de 48 mm; U\u0219i cu \u00eenchidere automat\u0103; Evaporator cu tub de cupru cu aripioare de aluminiu; Blat din granit sau marmura; Carcas\u0103 din inox.<\/p>\n<p>Caracteristici<\/p>\n<p>Dimensiuni: 1600x800x1020\/1520 mm<\/p>\n<p>Greutate: 220 kg<\/p>\n<p>Putere: 0,29 kW \/ 220V-230V<\/p>\n<p>Capacitate: 300 l<\/p>\n<p>&nbsp;<\/p>\n<p>&nbsp;<\/p>\n","protected":false},"excerpt":{"rendered":"<p>Mas\u0103 frigorific\u0103 pentru pizza cu suprafa\u021b\u0103 din granit. Dimensiuni: 1600x800x1020\/1520 mm; Greutate: 220 kg; Putere: 0,29 kW \/ 220V-230V; Capacitate: 300 l.<\/p>\n<p>&nbsp;<\/p>\n","protected":false},"featured_media":12972,"template":"","meta":[],"_links":{"self":[{"href":"https:\/\/evotek.md\/ro\/wp-json\/wp\/v2\/product\/12973"}],"collection":[{"href":"https:\/\/evotek.md\/ro\/wp-json\/wp\/v2\/product"}],"about":[{"href":"https:\/\/evotek.md\/ro\/wp-json\/wp\/v2\/types\/product"}],"wp:featuredmedia":[{"embeddable":true,"href":"https:\/\/evotek.md\/ro\/wp-json\/wp\/v2\/media\/12972"}],"wp:attachment":[{"href":"https:\/\/evotek.md\/ro\/wp-json\/wp\/v2\/media?parent=12973"}],"curies":[{"name":"wp","href":"https:\/\/api.w.org\/{rel}","templated":true}]}}