{"id":12964,"date":"2020-06-26T13:15:35","date_gmt":"2020-06-26T13:16:42","guid":{"rendered":"https:\/\/evotek.md\/?post_type=product&#038;p=12964"},"modified":"2023-03-03T15:10:14","modified_gmt":"2023-03-03T15:10:14","slug":"masa-frigorifica-din-granit-empero","status":"publish","type":"product","link":"https:\/\/evotek.md\/ro\/produse\/echipamente-frigorifice\/masa-frigider-pentru-pizza\/masa-frigorifica-din-granit-empero\/","title":{"rendered":"MASA FRIGORIFICA CU BLAT DIN GRANIT SI BORDUR LA PERETE, 2 USI, 300 LITRI -EMP.160.80.01"},"content":{"rendered":"<p><strong>MASA FRIGORIFICA CU BLAT DIN GRANIT SI BORDUR LA PERETE, 2 USI, 300 LITRI -EMP.160.80.01-<\/strong> Masa frigorific\u0103 cu blaturi din granit este conceput\u0103 pentru depozitarea alimentelor \u0219i prepararea bucatelor pentru buc\u0103t\u0103rii profesionale. O caracteristic\u0103 a mesei este un blat rotunjit, care cre\u0219te siguran\u021ba fluxului de lucru \u0219i o latur\u0103 \u00een trei fe\u021be pentru a evita c\u0103derea produselor \u0219i ustensilelor de pe mas\u0103. Acest echipament economise\u0219te mult spa\u021biu \u00een buc\u0103t\u0103rie \u0219i cre\u0219te confortul muncii, deoarece v\u0103 permite s\u0103 depozita\u021bi produsele \u00een imediata apropiere de locul de preg\u0103tire a acestora.<\/p>\n<p>Caracteristici<\/p>\n<p>Dimensiuni: 1600x800x1020 mm<\/p>\n<p>Greutate: 175 kg<\/p>\n<p>Putere: 0,35<\/p>\n<p>Capacitate: 300 l<\/p>\n","protected":false},"excerpt":{"rendered":"<p>Mas\u0103 frigorific\u0103 din granit.\u00a0Dimensiuni: 1600x800x1020 mm; Greutate: 175 kg; Putere: 0,35; Capacitate: 300 l.<\/p>\n<p>&nbsp;<\/p>\n<p>&nbsp;<\/p>\n","protected":false},"featured_media":12963,"template":"","meta":[],"_links":{"self":[{"href":"https:\/\/evotek.md\/ro\/wp-json\/wp\/v2\/product\/12964"}],"collection":[{"href":"https:\/\/evotek.md\/ro\/wp-json\/wp\/v2\/product"}],"about":[{"href":"https:\/\/evotek.md\/ro\/wp-json\/wp\/v2\/types\/product"}],"wp:featuredmedia":[{"embeddable":true,"href":"https:\/\/evotek.md\/ro\/wp-json\/wp\/v2\/media\/12963"}],"wp:attachment":[{"href":"https:\/\/evotek.md\/ro\/wp-json\/wp\/v2\/media?parent=12964"}],"curies":[{"name":"wp","href":"https:\/\/api.w.org\/{rel}","templated":true}]}}