{"id":12955,"date":"2020-06-26T12:48:20","date_gmt":"2020-06-26T12:49:48","guid":{"rendered":"https:\/\/evotek.md\/?post_type=product&#038;p=12955"},"modified":"2023-03-02T15:08:22","modified_gmt":"2023-03-02T15:08:22","slug":"vitrina-frigorifica-empero","status":"publish","type":"product","link":"https:\/\/evotek.md\/ro\/produse\/echipamente-frigorifice\/vitrine-saladete\/vitrina-frigorifica-empero\/","title":{"rendered":"VITRINA SALADETA, GN1\/4\u00d79, 210 \u0441\u043c -EMP.210"},"content":{"rendered":"<p><strong>VITRINA SALADETA, GN1\/4\u00d79, 210 \u0441\u043c -EMP.210 &#8211;<\/strong> Vitrine frigorifice de mas\u0103 concepute pentru depozitarea \u0219i p\u0103strarea alimentelor pe termen scurt \u0219i demonstrarea produselor pre-refrigerate (salate, aperitive, m\u00e2nc\u0103ruri) \u00een magazine, cafenele, baruri, restaurante, sushi baruri. Cel mai utilizat \u00een pizzerii pentru depozitarea topping-urilor (toppinguri pentru pizza). Capacitate pentru 1600 mm: 7 buc\u0103\u021bi de 1 \/ 4-400 recipient gastronorm. Capacitate pentru 2100 mm: 9 buc\u0103\u021bi de 1 \/ 4-100 recipient gastronorm.<\/p>\n<p>Caracteristici<\/p>\n<p>Capacitate: GN1\/4 &#8211; h100 \u00d79<\/p>\n<p>Dimensiuni: 2100x350x500 mm<\/p>\n<p>Greutate: 55 kg<\/p>\n<p>Putere: 0,2<\/p>\n<p>&nbsp;<\/p>\n","protected":false},"excerpt":{"rendered":"<p>Vitrin\u0103 frigorific\u0103 de mas\u0103 prntru p\u0103strarea alimentelor. Dimensiuni: 2100x350x500 mm; Greutate: 55 kg; Putere: 0,2.<\/p>\n","protected":false},"featured_media":12954,"template":"","meta":[],"_links":{"self":[{"href":"https:\/\/evotek.md\/ro\/wp-json\/wp\/v2\/product\/12955"}],"collection":[{"href":"https:\/\/evotek.md\/ro\/wp-json\/wp\/v2\/product"}],"about":[{"href":"https:\/\/evotek.md\/ro\/wp-json\/wp\/v2\/types\/product"}],"wp:featuredmedia":[{"embeddable":true,"href":"https:\/\/evotek.md\/ro\/wp-json\/wp\/v2\/media\/12954"}],"wp:attachment":[{"href":"https:\/\/evotek.md\/ro\/wp-json\/wp\/v2\/media?parent=12955"}],"curies":[{"name":"wp","href":"https:\/\/api.w.org\/{rel}","templated":true}]}}