{"id":12945,"date":"2020-06-26T11:20:03","date_gmt":"2020-06-26T11:20:57","guid":{"rendered":"https:\/\/evotek.md\/?post_type=product&#038;p=12945"},"modified":"2023-03-03T14:34:58","modified_gmt":"2023-03-03T14:34:58","slug":"emp-150-80-01-psyg","status":"publish","type":"product","link":"https:\/\/evotek.md\/ro\/produse\/echipamente-frigorifice\/masa-frigider-pentru-pizza\/emp-150-80-01-psyg\/","title":{"rendered":"MASA FRIGORIFICA CU BLAT DIN GRANIT SI SALADETA, 2 USI, 300 LITRI -EMP.150.80.01-PSYG"},"content":{"rendered":"<p><strong>MASA FRIGORIFICA CU BLAT DIN GRANIT SI SALADETA, 2 USI, 300 LITRI -EMP.150.80.01-PSYG-<\/strong> Proiectat pentru depozitarea m\u00e2nc\u0103rii refrigerate \u0219i prepararea bucatelor pentru buc\u0103t\u0103rii profesionale. Men\u021binerea temperaturii setate are loc cu ajutorul unui ventilator de r\u0103cire. Acest echipament economise\u0219te mult spa\u021biu \u00een buc\u0103t\u0103rie \u0219i cre\u0219te confortul muncii, deoarece v\u0103 permite s\u0103 depozita\u021bi produsele \u00een imediata apropiere de locul de preg\u0103tire a acestora. Controlul electronic al temperaturii \u0219i dezghe\u021bului. Izola\u021bie poliuretanic\u0103 cu o grosime de 48 mm. U\u0219i cu auto\u00eenchidere. Rafturi cu acoperire din plastic. Carcas\u0103 din inox.<\/p>\n<p>Caracteristici<\/p>\n<p>Dimensiuni: 1500x800x850\/1350 mm<\/p>\n<p>Greutate: 115 kg<\/p>\n<p>Putere: 0,35<\/p>\n<p>Capacitate: 300 l<\/p>\n<p>&nbsp;<\/p>\n<p>&nbsp;<\/p>\n","protected":false},"excerpt":{"rendered":"<p>Mas\u0103 din granit frigorific\u0103 pentru pizza \u0219i salat\u0103.\u00a0Dimensiuni: 1500x800x850\/1350 mm; Greutate: 115 kg; Putere: 0,35; Capacitate: 300 l.<\/p>\n<p>&nbsp;<\/p>\n","protected":false},"featured_media":12944,"template":"","meta":[],"_links":{"self":[{"href":"https:\/\/evotek.md\/ro\/wp-json\/wp\/v2\/product\/12945"}],"collection":[{"href":"https:\/\/evotek.md\/ro\/wp-json\/wp\/v2\/product"}],"about":[{"href":"https:\/\/evotek.md\/ro\/wp-json\/wp\/v2\/types\/product"}],"wp:featuredmedia":[{"embeddable":true,"href":"https:\/\/evotek.md\/ro\/wp-json\/wp\/v2\/media\/12944"}],"wp:attachment":[{"href":"https:\/\/evotek.md\/ro\/wp-json\/wp\/v2\/media?parent=12945"}],"curies":[{"name":"wp","href":"https:\/\/api.w.org\/{rel}","templated":true}]}}