{"id":12932,"date":"2020-06-26T10:47:20","date_gmt":"2020-06-26T10:51:51","guid":{"rendered":"https:\/\/evotek.md\/?post_type=product&#038;p=12932"},"modified":"2025-07-22T07:07:05","modified_gmt":"2025-07-22T07:07:05","slug":"masa-frigorifica-pentru-pizza-si-salata-empero-3","status":"publish","type":"product","link":"https:\/\/evotek.md\/ro\/produse\/echipamente-frigorifice\/masa-frigider\/masa-frigorifica-pentru-pizza-si-salata-empero-3\/","title":{"rendered":"MASA FRIGORIFICA CU SALADETA, 2 USI, 300 LITRI -EMP.150.80.01-PSY"},"content":{"rendered":"<p><strong>MASA FRIGORIFICA CU SALADETA, 2 USI, 300 LITRI -EMP.150.80.01-PSY-<\/strong> pentru buc\u0103t\u0103rii profesionale. Facilit\u0103\u021bi: La frigider cu 2 u\u0219i: 8 containere GN 1 \/ 4-100; La frigider cu 3 u\u0219i: 11 containere GN 1 \/ 4-100; Interval de temperatur\u0103; + 0 \u00b0 C p\u00e2n\u0103 la + 5 \u00b0 C (tropical 43 \u00b0 C); Alimentare: 220 V-230 V -1 + N -50 60 Hz; CFC Free, R-134 A gaz de r\u0103cire; Densitate 40 kg \/ m3; Afi\u0219aj electronic pentru controlul temperaturii \u0219i al dezghe\u021bului; Evaporarea automat\u0103 a apei \u00een timpul dezghe\u021b\u0103rii; Compresor de climatizare deta\u0219abil; Ventilator de r\u0103cire; Rezistent la ozon cu izola\u021bie poliuretanic\u0103 cu o grosime de 48 mm; U\u0219i fixe de 45 de grade cu auto\u00eenchidere; Blat rotunjit; Evaporator cu panou din aluminiu \u0219i \u021bevi de cupru; Suporturi reglabile, din inox, raft interior acoperit din plastic; Carcas\u0103 din inox.<\/p>\n<p>Caracteristici<br \/>\nDimensiuni: 1500x800x850\/1350 mm<br \/>\nGreutate: 170 kg<br \/>\nPutere: 0,14<br \/>\nCapacitate: 300 litri<br \/>\nCapacitate saladeta: 8 buc\u0103\u021bi GN 1\/4 h100<br \/>\nTemperatur\u0103 de lucru: 0\/+5 \u00baC la temperatur\u0103 ambiental\u0103 tropical\u0103 43 \u00baC<br \/>\nAlimentare electric\u0103: 220-230V -1 +N 50-60 Hz<br \/>\nGaz frigorific:\u00a0 R-290 \u201ef\u0103r\u0103 CFC\u201d.<br \/>\nDensitate: 40 kg\/m\u00b3.<br \/>\nAfi\u0219aj digital cu control al temperaturii \u0219i dezghe\u021b\u0103rii<br \/>\nEvaporarea automat\u0103 a apei \u00een timpul dezghe\u021b\u0103rii<br \/>\nR\u0103cire cu ventilator<br \/>\nIzola\u021bie poliuretanic\u0103 \u201eprietenoas\u0103 cu ozon\u201d de 48 mm grosime<br \/>\nU\u0219i cu \u00eenchidere automat\u0103 la 45 de grade<br \/>\nVaporizator din tuburi de cupru cu aripioare de aluminiu.<br \/>\nCarcasa din o\u021bel inoxidabil<\/p>\n","protected":false},"excerpt":{"rendered":"<p>Mas\u0103 frigorific\u0103 pentru pizza. Dimensiuni: 1500x800x850\/1350 mm; Greutate: 170 kg; Putere: 0,14; Capacitate: 300 litri; Capacitate saladeta: 8 buc\u0103\u021bi GN 1\/4 h100; Temperatur\u0103 de lucru: 0\/+5 \u00baC la temperatur\u0103 ambiental\u0103 tropical\u0103 43 \u00baC; Alimentare electric\u0103: 220-230V -1 +N 50-60 Hz; Gaz frigorific:\u00a0 R-290 \u201ef\u0103r\u0103 CFC\u201d; Densitate: 40 kg\/m\u00b3; Afi\u0219aj digital cu control al temperaturii \u0219i dezghe\u021b\u0103rii; Evaporarea automat\u0103 a apei \u00een timpul dezghe\u021b\u0103rii; R\u0103cire cu ventilator; Izola\u021bie poliuretanic\u0103 \u201eprietenoas\u0103 cu ozon\u201d de 48 mm grosime; U\u0219i cu \u00eenchidere automat\u0103 la 45 de grade; Vaporizator din tuburi de cupru cu aripioare de aluminiu.; Carcasa din o\u021bel inoxidabil.<\/p>\n<p>&nbsp;<\/p>\n","protected":false},"featured_media":12931,"template":"","meta":[],"_links":{"self":[{"href":"https:\/\/evotek.md\/ro\/wp-json\/wp\/v2\/product\/12932"}],"collection":[{"href":"https:\/\/evotek.md\/ro\/wp-json\/wp\/v2\/product"}],"about":[{"href":"https:\/\/evotek.md\/ro\/wp-json\/wp\/v2\/types\/product"}],"wp:featuredmedia":[{"embeddable":true,"href":"https:\/\/evotek.md\/ro\/wp-json\/wp\/v2\/media\/12931"}],"wp:attachment":[{"href":"https:\/\/evotek.md\/ro\/wp-json\/wp\/v2\/media?parent=12932"}],"curies":[{"name":"wp","href":"https:\/\/api.w.org\/{rel}","templated":true}]}}