{"id":12923,"date":"2020-06-26T10:28:34","date_gmt":"2020-06-26T10:31:45","guid":{"rendered":"https:\/\/evotek.md\/?post_type=product&#038;p=12923"},"modified":"2023-03-03T15:37:22","modified_gmt":"2023-03-03T15:37:22","slug":"masa-frigorifica-pentru-pizza-si-salata-empero-2","status":"publish","type":"product","link":"https:\/\/evotek.md\/ro\/produse\/echipamente-frigorifice\/masa-frigider\/masa-frigorifica-pentru-pizza-si-salata-empero-2\/","title":{"rendered":"MASA FRIGORIFICA CU SALADETA, 2 USI, 300 LITRI -EMP.150.70.01-PSO"},"content":{"rendered":"<p><strong>MASA FRIGORIFICA CU SALADETA, 2 USI, 300 LITRI -EMP.150.70.01-PSO-<\/strong> pentru buc\u0103t\u0103rii profesionale. Facilit\u0103\u021bi: 1 \/ 4-100 GN cu o capacitate de 1500 mm; 1 \/ 4-100 GN cu o capacitate de 2000 mm; Domeniu de lucru; + 0 \u00b0 C, + 5 \u00b0 C (tropical 43 \u00b0 C); 220 V-230 V -1 + N -50 60 Hz; \u201eF\u0103r\u0103 CFC\u201d, 404 A agent frigorific; densitate 40 kg \/ m3; Indicator electronic de temperatur\u0103 \u0219i temperatur\u0103; Evaporarea automat\u0103 a apei \u00een timpul dezghe\u021b\u0103rii; Compresor ventilat deta\u0219abil; Ventilator de r\u0103cire; Izola\u021bie poliuretanic\u0103 \u201esigur\u0103 la ozon\u201d de 48 mm; U\u0219ile cu \u00eenchidere automat\u0103 se blocheaz\u0103 la 45 de grade; Plac\u0103 rotunjit\u0103 de sus \u00een fa\u021b\u0103; Evaporator cu tub de cupru cu panou din aluminiu; Rafturi ajustabile din inox, raft interior acoperit din plastic; Carcas\u0103 din inox.<\/p>\n<p>Caracteristici<\/p>\n<p>Dimensiuni: 1500x700x850 mm<\/p>\n<p>Greutate: 110 kg<\/p>\n<p>Putere: 0,45<\/p>\n<p>Capacitate: 300 l<\/p>\n","protected":false},"excerpt":{"rendered":"<p>Mas\u0103 frigorific\u0103 pentru pizza \u0219i salat\u0103. Dimensiuni: 1500x700x850 mm; Greutate: 110 kg; Putere: 0,45; Capacitate: 300 l.<\/p>\n<p>&nbsp;<\/p>\n","protected":false},"featured_media":12922,"template":"","meta":[],"_links":{"self":[{"href":"https:\/\/evotek.md\/ro\/wp-json\/wp\/v2\/product\/12923"}],"collection":[{"href":"https:\/\/evotek.md\/ro\/wp-json\/wp\/v2\/product"}],"about":[{"href":"https:\/\/evotek.md\/ro\/wp-json\/wp\/v2\/types\/product"}],"wp:featuredmedia":[{"embeddable":true,"href":"https:\/\/evotek.md\/ro\/wp-json\/wp\/v2\/media\/12922"}],"wp:attachment":[{"href":"https:\/\/evotek.md\/ro\/wp-json\/wp\/v2\/media?parent=12923"}],"curies":[{"name":"wp","href":"https:\/\/api.w.org\/{rel}","templated":true}]}}