{"id":12912,"date":"2020-06-26T09:40:13","date_gmt":"2020-06-26T09:41:32","guid":{"rendered":"https:\/\/evotek.md\/?post_type=product&#038;p=12912"},"modified":"2023-03-03T15:39:33","modified_gmt":"2023-03-03T15:39:33","slug":"masa-frigorifica-pentru-pizza-si-salata-empero","status":"publish","type":"product","link":"https:\/\/evotek.md\/ro\/produse\/echipamente-frigorifice\/masa-frigider\/masa-frigorifica-pentru-pizza-si-salata-empero\/","title":{"rendered":"MASA FRIGORIFICA CU SALADETA, 2 USI, 300 LITRI -EMP.150.70.01-PS"},"content":{"rendered":"<p><strong>MASA FRIGORIFICA CU SALADETA, 2 USI, 300 LITRI -EMP.150.70.01-PS-<\/strong> pentru buc\u0103t\u0103rii profesionale. Facilit\u0103\u021bi: La frigider cu 2 u\u0219i: 8 tave GN 1 \/ 4-150; La frigider cu 3 u\u0219i: 10 tave GN 1 \/ 4-150; Interval de temperatur\u0103; + 0 \u00b0 C p\u00e2n\u0103 la + 5 \u00b0 C (tropical 43 \u00b0 C); Alimentare: 220 V-230 V -1 + N -50 60 Hz; &#8220;CFC Free&#8221;, R-134 A gaz de r\u0103cire; Densitate 40 kg \/ m3; Afi\u0219aj electronic pentru controlul temperaturii \u0219i al dezghe\u021bului; Evaporarea automat\u0103 a apei \u00een timpul dezghe\u021b\u0103rii; Compresor de climatizare deta\u0219abil.<\/p>\n<p>Caracteristici<\/p>\n<p>Dimensiuni: 1500x700x850\/1050 mm<\/p>\n<p>Greutate: 110 kg<\/p>\n<p>Putere: 0,35<\/p>\n<p>Capacitate: 300 l<\/p>\n<p>&nbsp;<\/p>\n","protected":false},"excerpt":{"rendered":"<p>Mas\u0103 frigorific\u0103 pentru pizza \u0219i salat\u0103. Dimensiuni: 1500x700x850\/1050 mm; Greutate: 110 kg; Putere: 0,35; Capacitate: 300 l.<\/p>\n<p>&nbsp;<\/p>\n","protected":false},"featured_media":12911,"template":"","meta":[],"_links":{"self":[{"href":"https:\/\/evotek.md\/ro\/wp-json\/wp\/v2\/product\/12912"}],"collection":[{"href":"https:\/\/evotek.md\/ro\/wp-json\/wp\/v2\/product"}],"about":[{"href":"https:\/\/evotek.md\/ro\/wp-json\/wp\/v2\/types\/product"}],"wp:featuredmedia":[{"embeddable":true,"href":"https:\/\/evotek.md\/ro\/wp-json\/wp\/v2\/media\/12911"}],"wp:attachment":[{"href":"https:\/\/evotek.md\/ro\/wp-json\/wp\/v2\/media?parent=12912"}],"curies":[{"name":"wp","href":"https:\/\/api.w.org\/{rel}","templated":true}]}}